{"id":2537,"date":"2023-06-07T14:19:47","date_gmt":"2023-06-07T14:19:47","guid":{"rendered":"https:\/\/pprd.countrylanding.biomarin.com\/pt-br\/?page_id=2537"},"modified":"2024-12-13T08:52:33","modified_gmt":"2024-12-13T08:52:33","slug":"voxzogo","status":"publish","type":"page","link":"https:\/\/www.biomarin.com\/pt-br\/voxzogo\/","title":{"rendered":"VOXZOGO\u2122"},"content":{"rendered":"<div id=\"acf-block-6424f71618cdf\" class=\"hero pull-bottom\">\n            <div class=\"hero-background-image hero-background-image-desktop\" style=\"background-image: url(https:\/\/www.biomarin.com\/pt-br\/wp-content\/uploads\/sites\/4\/2023\/07\/miller_2000x800_blurred-1024x410-1.jpeg?v=0.371);\"><\/div>\n\t    <div class=\"hero-background-image hero-background-image-mobile\" style=\"background-image: url(https:\/\/www.biomarin.com\/pt-br\/wp-content\/uploads\/sites\/4\/2023\/08\/mob-grad-H.jpg?v=0.371);\"><\/div>\n    \t<div class=\"overlay\"><\/div>\n\t<div class=\"wrapper\">\n\t\t<div class=\"inner-wrapper\">\n\t\t\t<div class=\"hero-content\">\n\t\t\t    \t\t\t\t    <span class=\"section-title\">Nossos produtos<\/span>\n\t\t\t\t\t\t\t\t\t\t\t\t\t\t\t\t    <h1>VOXZOGO\u2122 (vosoritida)\n<\/h1>\n\t\t\t\t\t\t\t\t\t\t\t\t    <p>VOXZOGO\u2122 \u00e9 indicado para o tratamento da acondroplasia em pacientes a partir de 6 meses de idade e cujas ep\u00edfises n\u00e3o est\u00e3o fechadas. O diagn\u00f3stico de acondroplasia deve ser confirmado por teste gen\u00e9tico apropriado.<\/p>\n\t\t\t\t\t\t\t\t\n                <p class=\"inline-buttons\">\n                                                        <\/p>\n\t\t\t\t\t\t\t<\/div>\n\t\t<\/div>\n\t<\/div>\n<\/div>\n\n\n<div id=\"acf-block-6424f71618d1e\" class=\"block cards cards-2-col block-tight-top block-tight-bottom\">\n\t<div class=\"wrapper\">\n\t\t<div class=\"inner-wrapper\">\n\t\t\t<div class=\"cards-title\">\n\t\t\t    \t\t\t\t\t\t\t<\/div>\n\t\t\t<div class=\"cards-wrapper\">\n\t\t\t    \n<div id=\"acf-block-6424f716192f0\" class=\"card card-fixed-button\" data-muted-autoplay=\"false\">\n        <div class=\"card-content\">\n                            <h4>Baixar Bula de VOXZOGO<sup>\u2122<\/sup>\n<\/h4>\n        \n                                                                                                                                                                                                                                                                                                                                                                                    \n                                                                                        <\/div>\n                                <div class=\"card-actions\">\n                            \n                            <p><a class=\"button button-download\" href=\"https:\/\/consultas.anvisa.gov.br\/#\/bulario\/q\/?nomeProduto=voxzogo\" target=\"_blank\">Bula de VOXZOGO<sup>\u2122<\/sup><\/a><\/p>\n                                                                                    <\/div>\n<\/div>\n\t\t\t<\/div>\n\t\t<\/div>\n\t<\/div>\n<\/div>\n\n<div id=\"our-products\" class=\"block cards cards-2-col block-tight-top block-tight-bottom\">\n\t<div class=\"wrapper\">\n\t\t<div class=\"inner-wrapper\">\n\t\t\t<div class=\"cards-title\">\n\t\t\t    \t\t\t\t    <h2>Produtos dispon\u00edveis no Brasil\n<\/h2>\n\t\t\t\t\t\t\t\t\t\t\t<\/div>\n\t\t\t<div class=\"cards-wrapper\">\n\t\t\t    \n<div id=\"acf-block-64183cc48e02b\" class=\"card card-product card-fixed-button\" data-muted-autoplay=\"false\">\n        <div class=\"card-content\">\n                            <h4>BRINEURA<sup>\u00ae<\/sup><sub>(alfacerliponase)<\/sub>\n<\/h4>\n        \n                                                                                                            <p>BRINEURA<sup>\u00ae<\/sup> \u00e9 indicado para tratar pacientes com lipofuscinose ceroide neuronal tipo 2 (CLN2), tamb\u00e9m conhecida como defici\u00eancia de tripeptidil-peptidase 1 (TPP1).<\/p>\n                                                                                                                                                                                                                                                                        \n                                                                                        <\/div>\n                                <div class=\"card-actions\">\n                            \n                            <p><a class=\"button button-arrow\" href=\"https:\/\/www.biomarin.com\/pt-br\/brineura-cln2\/\" target=\"_self\">Ver mais<\/a><\/p>\n                                                                                    <\/div>\n<\/div>\n\n<div id=\"acf-block-64183cc48e04f\" class=\"card card-product card-fixed-button\" data-muted-autoplay=\"false\">\n        <div class=\"card-content\">\n                            <h4>KUVAN<sup>\u00ae<\/sup><sub>(dicloridrato de sapropterina)<\/sub>\n<\/h4>\n        \n                                                                                                            <p>KUVAN <sup>\u00ae<\/sup> \u00e9 indicado para o tratamento da hiperfenilalaninemia (HFA) em pacientes adultos e pedi\u00e1tricos com fenilceton\u00faria (PKU), a partir de um m\u00eas de idade e que se mostraram responsivos a este tratamento. Kuvan tamb\u00e9m \u00e9 indicado para o tratamento da hiperfenilalaninemia (HFA) em pacientes adultos e pedi\u00e1tricos a partir de 4 anos de idade com defici\u00eancia de tetrahidrobiopterina (BH4) e que se mostraram responsivos a este tratamento.<\/p>\n                                                                                                                                                                                                                                                                        \n                                                                                        <\/div>\n                                <div class=\"card-actions\">\n                            \n                            <p><a class=\"button button-arrow\" href=\"https:\/\/www.biomarin.com\/pt-br\/kuvan-pku\/\" target=\"_self\">Ver mais<\/a><\/p>\n                                                                                    <\/div>\n<\/div>\n\n<div id=\"acf-block-64183cc48e071\" class=\"card card-product card-fixed-button\" data-muted-autoplay=\"false\">\n        <div class=\"card-content\">\n                            <h4>NAGLAZYME<sup>\u00ae<\/sup><sub>(galsulfase)<\/sub>\n<\/h4>\n        \n                                                                                                            <p>NAGLAZYME<sup>\u00ae<\/sup> \u00e9 indicado para a terapia de reposi\u00e7\u00e3o enzim\u00e1tica de longo prazo, em pacientes com diagn\u00f3stico confirmado de mucopolissacaridose tipo VI (MPS VI, defici\u00eancia de N-acetilgalactosamina 4-sulfatase (rhASB), s\u00edndrome de Maroteaux-Lamy).<\/p>\n                                                                                                                                                                                                                                                                        \n                                                                                        <\/div>\n                                <div class=\"card-actions\">\n                            \n                            <p><a class=\"button button-arrow\" href=\"https:\/\/www.biomarin.com\/pt-br\/naglazyme-mps-vi\/\" target=\"_self\">Ver mais<\/a><\/p>\n                                                                                    <\/div>\n<\/div>\n\n<div id=\"acf-block-64183cc48e0b2\" class=\"card card-product card-fixed-button\" data-muted-autoplay=\"false\">\n        <div class=\"card-content\">\n                            <h4>VIMIZIM<sup>\u00ae<\/sup><sub>(alfaelosulfase)<\/sub>\n<\/h4>\n        \n                                                                                                            <p>VIMIZIM<sup>\u00ae<\/sup> cont\u00e9m uma enzima chamada alfaelosulfase, que pertence a um grupo de medicamentos conhecido como terapia de reposi\u00e7\u00e3o enzim\u00e1tica. \u00c9 utilizado para tratar adultos e crian\u00e7as com Mucopolissacaridose Tipo IV A (doen\u00e7a MPS IVA, tamb\u00e9m conhecida por S\u00edndrome de Morquio A).<\/p>\n                                                                                                                                                                                                                                                                        \n                                                                                        <\/div>\n                                <div class=\"card-actions\">\n                            \n                            <p><a class=\"button button-arrow\" href=\"https:\/\/www.biomarin.com\/pt-br\/vimizim-mps-iva\/\" target=\"_self\">Ver mais<\/a><\/p>\n                                                                                    <\/div>\n<\/div>\n\t\t\t<\/div>\n\t\t<\/div>\n\t<\/div>\n<\/div>","protected":false},"excerpt":{"rendered":"<p>VIMIZIM\u00ae \u00e9 indicado para o tratamento de MPS IV A (Mucopolissacaridose Tipo IV A, S\u00edndrome de Morquio A).<\/p>\n","protected":false},"author":9,"featured_media":0,"parent":0,"menu_order":0,"comment_status":"closed","ping_status":"closed","template":"","meta":{"_acf_changed":false,"inline_featured_image":false,"footnotes":""},"class_list":["post-2537","page","type-page","status-publish","hentry"],"acf":[],"yoast_head":"<!-- This site is optimized with the Yoast SEO plugin v27.1.1 - https:\/\/yoast.com\/product\/yoast-seo-wordpress\/ -->\n<title>VOXZOGO\u2122 (vosoritida) | BioMarin Brasil<\/title>\n<meta name=\"description\" content=\"VOXZOGO\u2122 \u00e9 indicado para o tratamento da acondroplasia em pacientes a partir de 2 anos de idade e cujas ep\u00edfises n\u00e3o est\u00e3o fechadas. O diagn\u00f3stico de acondroplasia deve ser confirmado por teste gen\u00e9tico apropriado.\" \/>\n<meta name=\"robots\" content=\"index, follow, max-snippet:-1, max-image-preview:large, max-video-preview:-1\" \/>\n<link rel=\"canonical\" href=\"https:\/\/www.biomarin.com\/pt-br\/voxzogo\/\" \/>\n<meta property=\"og:locale\" content=\"pt_BR\" \/>\n<meta property=\"og:type\" content=\"article\" \/>\n<meta property=\"og:title\" content=\"VOXZOGO\u2122 (vosoritida) | BioMarin Brasil\" \/>\n<meta property=\"og:description\" content=\"VOXZOGO\u2122 \u00e9 indicado para o tratamento da acondroplasia em pacientes a partir de 2 anos de idade e cujas ep\u00edfises n\u00e3o est\u00e3o fechadas. O diagn\u00f3stico de acondroplasia deve ser confirmado por teste gen\u00e9tico apropriado.\" \/>\n<meta property=\"og:url\" content=\"https:\/\/www.biomarin.com\/pt-br\/voxzogo\/\" \/>\n<meta property=\"og:site_name\" content=\"BioMarin Brasil\" \/>\n<meta property=\"article:publisher\" content=\"https:\/\/www.facebook.com\/BioMarinOfficial\/\" \/>\n<meta property=\"article:modified_time\" content=\"2024-12-13T08:52:33+00:00\" \/>\n<meta property=\"og:image\" content=\"https:\/\/www.biomarin.com\/pt-br\/wp-content\/uploads\/sites\/4\/2022\/02\/at-a-glance-logo.jpeg?v=0.371\" \/>\n\t<meta property=\"og:image:width\" content=\"800\" \/>\n\t<meta property=\"og:image:height\" content=\"800\" \/>\n\t<meta property=\"og:image:type\" content=\"image\/jpeg\" \/>\n<meta name=\"twitter:card\" content=\"summary_large_image\" \/>\n<script type=\"application\/ld+json\" class=\"yoast-schema-graph\">{\"@context\":\"https:\/\/schema.org\",\"@graph\":[{\"@type\":\"WebPage\",\"@id\":\"https:\/\/www.biomarin.com\/pt-br\/voxzogo\/\",\"url\":\"https:\/\/www.biomarin.com\/pt-br\/voxzogo\/\",\"name\":\"VOXZOGO\u2122 (vosoritida) | BioMarin Brasil\",\"isPartOf\":{\"@id\":\"https:\/\/www.biomarin.com\/pt-br\/#website\"},\"datePublished\":\"2023-06-07T14:19:47+00:00\",\"dateModified\":\"2024-12-13T08:52:33+00:00\",\"description\":\"VOXZOGO\u2122 \u00e9 indicado para o tratamento da acondroplasia em pacientes a partir de 2 anos de idade e cujas ep\u00edfises n\u00e3o est\u00e3o fechadas. O diagn\u00f3stico de acondroplasia deve ser confirmado por teste gen\u00e9tico apropriado.\",\"breadcrumb\":{\"@id\":\"https:\/\/www.biomarin.com\/pt-br\/voxzogo\/#breadcrumb\"},\"inLanguage\":\"pt-BR\",\"potentialAction\":[{\"@type\":\"ReadAction\",\"target\":[\"https:\/\/www.biomarin.com\/pt-br\/voxzogo\/\"]}]},{\"@type\":\"BreadcrumbList\",\"@id\":\"https:\/\/www.biomarin.com\/pt-br\/voxzogo\/#breadcrumb\",\"itemListElement\":[{\"@type\":\"ListItem\",\"position\":1,\"name\":\"Home\",\"item\":\"https:\/\/www.biomarin.com\/pt-br\/\"},{\"@type\":\"ListItem\",\"position\":2,\"name\":\"VOXZOGO\u2122\"}]},{\"@type\":\"WebSite\",\"@id\":\"https:\/\/www.biomarin.com\/pt-br\/#website\",\"url\":\"https:\/\/www.biomarin.com\/pt-br\/\",\"name\":\"BioMarin Brasil\",\"description\":\"\",\"publisher\":{\"@id\":\"https:\/\/www.biomarin.com\/pt-br\/#organization\"},\"potentialAction\":[{\"@type\":\"SearchAction\",\"target\":{\"@type\":\"EntryPoint\",\"urlTemplate\":\"https:\/\/www.biomarin.com\/pt-br\/?s={search_term_string}\"},\"query-input\":{\"@type\":\"PropertyValueSpecification\",\"valueRequired\":true,\"valueName\":\"search_term_string\"}}],\"inLanguage\":\"pt-BR\"},{\"@type\":\"Organization\",\"@id\":\"https:\/\/www.biomarin.com\/pt-br\/#organization\",\"name\":\"BioMarin\",\"url\":\"https:\/\/www.biomarin.com\/pt-br\/\",\"logo\":{\"@type\":\"ImageObject\",\"inLanguage\":\"pt-BR\",\"@id\":\"https:\/\/www.biomarin.com\/pt-br\/#\/schema\/logo\/image\/\",\"url\":\"https:\/\/www.biomarin.com\/pt-br\/wp-content\/uploads\/sites\/4\/2022\/02\/at-a-glance-logo.jpeg?v=0.180\",\"contentUrl\":\"https:\/\/www.biomarin.com\/pt-br\/wp-content\/uploads\/sites\/4\/2022\/02\/at-a-glance-logo.jpeg?v=0.180\",\"width\":800,\"height\":800,\"caption\":\"BioMarin\"},\"image\":{\"@id\":\"https:\/\/www.biomarin.com\/pt-br\/#\/schema\/logo\/image\/\"},\"sameAs\":[\"https:\/\/www.facebook.com\/BioMarinOfficial\/\",\"https:\/\/www.linkedin.com\/company\/biomarin\/\",\"https:\/\/www.youtube.com\/channel\/UCsJU_aj8_xNFso8ZkfShRJQ\/featured\"]}]}<\/script>\n<!-- \/ Yoast SEO plugin. -->","yoast_head_json":{"title":"VOXZOGO\u2122 (vosoritida) | BioMarin Brasil","description":"VOXZOGO\u2122 \u00e9 indicado para o tratamento da acondroplasia em pacientes a partir de 2 anos de idade e cujas ep\u00edfises n\u00e3o est\u00e3o fechadas. O diagn\u00f3stico de acondroplasia deve ser confirmado por teste gen\u00e9tico apropriado.","robots":{"index":"index","follow":"follow","max-snippet":"max-snippet:-1","max-image-preview":"max-image-preview:large","max-video-preview":"max-video-preview:-1"},"canonical":"https:\/\/www.biomarin.com\/pt-br\/voxzogo\/","og_locale":"pt_BR","og_type":"article","og_title":"VOXZOGO\u2122 (vosoritida) | BioMarin Brasil","og_description":"VOXZOGO\u2122 \u00e9 indicado para o tratamento da acondroplasia em pacientes a partir de 2 anos de idade e cujas ep\u00edfises n\u00e3o est\u00e3o fechadas. O diagn\u00f3stico de acondroplasia deve ser confirmado por teste gen\u00e9tico apropriado.","og_url":"https:\/\/www.biomarin.com\/pt-br\/voxzogo\/","og_site_name":"BioMarin Brasil","article_publisher":"https:\/\/www.facebook.com\/BioMarinOfficial\/","article_modified_time":"2024-12-13T08:52:33+00:00","og_image":[{"width":800,"height":800,"url":"https:\/\/www.biomarin.com\/pt-br\/wp-content\/uploads\/sites\/4\/2022\/02\/at-a-glance-logo.jpeg?v=0.371","type":"image\/jpeg"}],"twitter_card":"summary_large_image","schema":{"@context":"https:\/\/schema.org","@graph":[{"@type":"WebPage","@id":"https:\/\/www.biomarin.com\/pt-br\/voxzogo\/","url":"https:\/\/www.biomarin.com\/pt-br\/voxzogo\/","name":"VOXZOGO\u2122 (vosoritida) | BioMarin Brasil","isPartOf":{"@id":"https:\/\/www.biomarin.com\/pt-br\/#website"},"datePublished":"2023-06-07T14:19:47+00:00","dateModified":"2024-12-13T08:52:33+00:00","description":"VOXZOGO\u2122 \u00e9 indicado para o tratamento da acondroplasia em pacientes a partir de 2 anos de idade e cujas ep\u00edfises n\u00e3o est\u00e3o fechadas. O diagn\u00f3stico de acondroplasia deve ser confirmado por teste gen\u00e9tico apropriado.","breadcrumb":{"@id":"https:\/\/www.biomarin.com\/pt-br\/voxzogo\/#breadcrumb"},"inLanguage":"pt-BR","potentialAction":[{"@type":"ReadAction","target":["https:\/\/www.biomarin.com\/pt-br\/voxzogo\/"]}]},{"@type":"BreadcrumbList","@id":"https:\/\/www.biomarin.com\/pt-br\/voxzogo\/#breadcrumb","itemListElement":[{"@type":"ListItem","position":1,"name":"Home","item":"https:\/\/www.biomarin.com\/pt-br\/"},{"@type":"ListItem","position":2,"name":"VOXZOGO\u2122"}]},{"@type":"WebSite","@id":"https:\/\/www.biomarin.com\/pt-br\/#website","url":"https:\/\/www.biomarin.com\/pt-br\/","name":"BioMarin Brasil","description":"","publisher":{"@id":"https:\/\/www.biomarin.com\/pt-br\/#organization"},"potentialAction":[{"@type":"SearchAction","target":{"@type":"EntryPoint","urlTemplate":"https:\/\/www.biomarin.com\/pt-br\/?s={search_term_string}"},"query-input":{"@type":"PropertyValueSpecification","valueRequired":true,"valueName":"search_term_string"}}],"inLanguage":"pt-BR"},{"@type":"Organization","@id":"https:\/\/www.biomarin.com\/pt-br\/#organization","name":"BioMarin","url":"https:\/\/www.biomarin.com\/pt-br\/","logo":{"@type":"ImageObject","inLanguage":"pt-BR","@id":"https:\/\/www.biomarin.com\/pt-br\/#\/schema\/logo\/image\/","url":"https:\/\/www.biomarin.com\/pt-br\/wp-content\/uploads\/sites\/4\/2022\/02\/at-a-glance-logo.jpeg?v=0.180","contentUrl":"https:\/\/www.biomarin.com\/pt-br\/wp-content\/uploads\/sites\/4\/2022\/02\/at-a-glance-logo.jpeg?v=0.180","width":800,"height":800,"caption":"BioMarin"},"image":{"@id":"https:\/\/www.biomarin.com\/pt-br\/#\/schema\/logo\/image\/"},"sameAs":["https:\/\/www.facebook.com\/BioMarinOfficial\/","https:\/\/www.linkedin.com\/company\/biomarin\/","https:\/\/www.youtube.com\/channel\/UCsJU_aj8_xNFso8ZkfShRJQ\/featured"]}]}},"_links":{"self":[{"href":"https:\/\/www.biomarin.com\/pt-br\/wp-json\/wp\/v2\/pages\/2537","targetHints":{"allow":["GET"]}}],"collection":[{"href":"https:\/\/www.biomarin.com\/pt-br\/wp-json\/wp\/v2\/pages"}],"about":[{"href":"https:\/\/www.biomarin.com\/pt-br\/wp-json\/wp\/v2\/types\/page"}],"author":[{"embeddable":true,"href":"https:\/\/www.biomarin.com\/pt-br\/wp-json\/wp\/v2\/users\/9"}],"replies":[{"embeddable":true,"href":"https:\/\/www.biomarin.com\/pt-br\/wp-json\/wp\/v2\/comments?post=2537"}],"version-history":[{"count":3,"href":"https:\/\/www.biomarin.com\/pt-br\/wp-json\/wp\/v2\/pages\/2537\/revisions"}],"predecessor-version":[{"id":3618,"href":"https:\/\/www.biomarin.com\/pt-br\/wp-json\/wp\/v2\/pages\/2537\/revisions\/3618"}],"wp:attachment":[{"href":"https:\/\/www.biomarin.com\/pt-br\/wp-json\/wp\/v2\/media?parent=2537"}],"curies":[{"name":"wp","href":"https:\/\/api.w.org\/{rel}","templated":true}]}}