{"id":312,"date":"2022-01-24T13:02:30","date_gmt":"2022-01-24T13:02:30","guid":{"rendered":"https:\/\/countrylanding-dev-001.azurewebsites.net\/au\/?page_id=312"},"modified":"2023-08-10T19:45:22","modified_gmt":"2023-08-10T19:45:22","slug":"sobre-a-biomarin-brasil","status":"publish","type":"page","link":"https:\/\/www.biomarin.com\/pt-br\/sobre-a-biomarin-brasil\/","title":{"rendered":"Sobre a Biomarin Brasil"},"content":{"rendered":"<div id=\"acf-block-6421c60b17ae3\" class=\"hero\">\n            <div class=\"hero-background-image hero-background-image-desktop\" style=\"background-image: url(https:\/\/www.biomarin.com\/pt-br\/wp-content\/uploads\/sites\/4\/2022\/03\/Picture3.png?v=0.371);\"><\/div>\n\t    <div class=\"hero-background-image hero-background-image-mobile\" style=\"background-image: url(https:\/\/www.biomarin.com\/pt-br\/wp-content\/uploads\/sites\/4\/2023\/08\/mob-grad-H.jpg?v=0.371);\"><\/div>\n    \t<div class=\"overlay\"><\/div>\n\t<div class=\"wrapper\">\n\t\t<div class=\"inner-wrapper\">\n\t\t\t<div class=\"hero-content\">\n\t\t\t    \t\t\t\t    <span class=\"section-title\">Sobre a BioMarin Brasil<\/span>\n\t\t\t\t\t\t\t\t\t\t\t\t\t\t\t\t    <h1>Nossa Motiva\u00e7\u00e3o\n<\/h1>\n\t\t\t\t\t\t\t\t\t\t\t\t    <p>Os pacientes s\u00e3o o nosso prop\u00f3sito. A ci\u00eancia \u00e9 a nossa paix\u00e3o.<\/p>\n\t\t\t\t\t\t\t\t\n                <p class=\"inline-buttons\">\n                                                        <\/p>\n\t\t\t\t\t\t\t<\/div>\n\t\t<\/div>\n\t<\/div>\n<\/div>\n\n\n<div id=\"acf-block-6421c60b17cd8\" class=\"block wrapped-content block-tight-top block-tight-bottom\">\n    <div class=\"wrapper\">\n        <div class=\"inner-wrapper\">\n                \n<div id=\"acf-block-6421c60b17e40\" class=\"block-wysiwyg\">\n            <h2>Pioneiros em Doen\u00e7as Raras<\/h2>\n<p>Presente no Brasil desde 2007, a BioMarin leva as melhores e mais modernas terapias aos pacientes que vivem com doen\u00e7as gen\u00e9ticas raras. Nossa cultura gira em torno da cren\u00e7a de que nenhuma doen\u00e7a deve ficar sem tratamento, e nossa equipe \u00e9 incentivada a descobrir, desenvolver e comercializar medicamentos que forne\u00e7am aos pacientes, suas fam\u00edlias e cuidadores esperan\u00e7a para situa\u00e7\u00f5es em que n\u00e3o havia o que fazer.<\/p>\n<h2>Desenvolvimento Cient\u00edfico<\/h2>\n<p>O Brasil tem participado de estudos cl\u00ednicos de novas mol\u00e9culas que v\u00eam sendo investigadas pela BioMarin para doen\u00e7as raras e gen\u00e9ticas. O pa\u00eds abriga o maior centro de pacientes na investiga\u00e7\u00e3o global da terapia g\u00eanica no tratamento da hemofilia A.<\/p>\n<h2>Diversidade, Equidade e Inclus\u00e3o<\/h2>\n<p>A comunidade BioMarin reflete o progresso que buscamos na promo\u00e7\u00e3o de uma for\u00e7a de trabalho diversificada, equitativa e inclusiva. Nosso compromisso \u00e9 incentivar a diversidade entre as pessoas, para que elas sintam que podem ser elas mesmas, contribuindo com o seu melhor.<\/p>\n<p>Grupos de funcion\u00e1rios mais diversos e inclusivos conduzem a resultados financeiros, engajamento, criatividade e inova\u00e7\u00e3o, o que ajuda a BioMarin a fazer a diferen\u00e7a para mais pessoas com doen\u00e7as raras. A BioMarin tem orgulho de ter sido nomeada o \u201cMelhor Lugar para Trabalhar pela Equidade LGBTQ\u201d, em 2021 e 2022.<\/p>\n<p>Para saber mais sobre a Diversidade, Equidade e Inclus\u00e3o na BioMarin acesse: <a href=\"https:\/\/www.biomarin.com\/our-company\/corporate-social-responsibility\/diversity-equity-inclusion\/\" target=\"_blank\" rel=\"noopener\">Acesse nosso website global<\/a><\/p>\n<h2>Embaixadores do Meio Ambiente<\/h2>\n<p>\u00c9 dever de todos n\u00f3s proteger nosso planeta. Como cidad\u00e3os do mundo, nos empenhamos em operar de modo que o meio ambiente seja protegido e que um local de trabalho saud\u00e1vel e seguro seja oferecido \u00e0s equipes e comunidades que servimos.<\/p>\n<h2>Compliance e Ader\u00eancia \u00e0s Leis<\/h2>\n<p>Sabemos que t\u00e3o importante quanto o que fazemos pela nossa comunidade de pacientes, \u00e9 o como fazemos. Na BioMarin, estamos comprometidos com a \u00e9tica e a transpar\u00eancia em tudo o que fazemos. Por isso, todos os funcion\u00e1rios s\u00e3o educados e incentivados a seguir o <a href=\"https:\/\/www.biomarin.com\/pt-br\/wp-content\/uploads\/sites\/4\/2023\/08\/GCE-CBP-001-Global-PT-Code-of-Conduct-Business-Ethics.pdf?v=0.180\" target=\"_blank\" rel=\"noopener\">C\u00f3digo de Conduta e \u00c9tica de Neg\u00f3cios Global da BioMarin<\/a>, a <a href=\"https:\/\/www.biomarin.com\/pt-br\/wp-content\/uploads\/sites\/4\/2023\/08\/GCE-CBP-005-Global-ABAC-Policy-Portuguese-BR.pdf\" target=\"_blank\" rel=\"noopener\">Pol\u00edtica Global Anticorrup\u00e7\u00e3o e Antissuborno<\/a> e outras Pol\u00edticas relevantes para suas atividades di\u00e1rias, que s\u00e3o sempre monitoradas e avaliadas pela respectiva fun\u00e7\u00e3o de Global Compliance &amp; Ethics de cada regi\u00e3o.<\/p>\n<p>Esperamos tamb\u00e9m de nossos fornecedores e parceiros o mais alto padr\u00e3o de \u00e9tica na condu\u00e7\u00e3o de seus neg\u00f3cios, disponibilizando a eles um C\u00f3digo de Conduta pr\u00f3prio, acess\u00edvel aqui: <a href=\"https:\/\/www.biomarin.com\/wp-content\/uploads\/2021\/05\/Supplier-Code-of-Conduct.pdf\" target=\"_blank\" rel=\"noopener\">C\u00f3digo de conduta do fornecedor PDF<\/a><\/p>\n<p>Al\u00e9m disso, mantemos a Linha Direta de Compliance e \u00c9tica Global: um canal seguro, independente e confidencial, disponibilizado a todos os nossos funcion\u00e1rios e p\u00fablico externo para relatos de suspeitas de viola\u00e7\u00f5es do C\u00f3digo de Conduta, pol\u00edticas internas da BioMarin e\/ou leis aplic\u00e1veis aos neg\u00f3cios da empresa nos locais em que atuamos. Todos os relatos s\u00e3o apurados de forma imparcial, revisados e respondidos.<\/p>\n<p>A BioMarin tem uma pol\u00edtica de Portas Abertas, com toler\u00e2ncia zero para retalia\u00e7\u00e3o de comunica\u00e7\u00f5es de boa-f\u00e9 e possibilita o envio de relatos de forma an\u00f4nima, online ou por telefone.<\/p>\n<p>Para acessar nossa Hotline \u2013 Linha Direta de Compliance e \u00c9tica Global e fazer um reporte clique em <a href=\"http:\/\/www.biomarin.ethicspoint.com\/\" target=\"_blank\" rel=\"noopener\">Ethicspoint.com<\/a><\/p>\n<h2>Oportunidades raras, impacto pessoal<\/h2>\n<p>Nossos funcion\u00e1rios se sentem conectados com seu trabalho na BioMarin porque acreditam em nosso prop\u00f3sito: o paciente. A paix\u00e3o e dedica\u00e7\u00e3o que nossos funcion\u00e1rios empregam todos os dias \u00e9 uma prova de como os pacientes que convivem com doen\u00e7as raras nos inspiram, e do nosso reconhecimento para o impacto que podemos causar. Nossa fome pela ci\u00eancia nos move. Os membros de nossas equipes nos motivam. E nossos pacientes nos inspiram. Juntos, estamos criando uma empresa diferente de qualquer outra, porque nossa motiva\u00e7\u00e3o \u00e9 \u00fanica.<\/p>\n<p>Nosso foco em doen\u00e7as raras nos d\u00e1 a rara oportunidade de verdadeiramente impactar a vida das pessoas.<\/p>\n    <\/div>\n        <\/div>\n    <\/div>\n<\/div>\n\n<div id=\"Nossa-Hist\u00f3ria\" class=\"block split-content equal-bias content-reverse content-align-top bottom-border block-tight-top block-tight-bottom\" data-muted-autoplay=\"false\">\n\t<div class=\"wrapper\">\n\t\t<div class=\"inner-wrapper\">\n\t\t                                                                <div class=\"content-block first-block\">\n                                                                                                                                                                                                                                                                                    \n                                    \n                                                                                                                \n                                    \n                                    <figure>\n                                        <div class=\"image image-rounded\">\n                                                                                            <img decoding=\"async\" class=\"\" src=\"https:\/\/www.biomarin.com\/pt-br\/wp-content\/uploads\/sites\/4\/2022\/03\/Picture1.jpg?v=0.371\" alt=\"Image of BioMarin building\" \/>                                                                                    <\/div>\n                                                                            <\/figure>\n                                                                                    <\/div>\n                    \n                                            <div class=\"content-block second-block\">\n                                                                                                <h2>Nossa Hist\u00f3ria<\/h2>\n<p>Nossa jornada em combater as doen\u00e7as raras come\u00e7ou em 1997, um per\u00edodo no qual o tratamento para doen\u00e7as raras era ainda mais  escasso. Com um comprometimento persistente em ajudar os pacientes a combater doen\u00e7as gen\u00e9ticas raras, a BioMarin est\u00e1 determinada a superar os maiores desafios cient\u00edficos, e tem conseguido in\u00fameros avan\u00e7os no desenvolvimento de terapias inovadoras para que pacientes com doen\u00e7as raras possam alcan\u00e7ar resultados ideais.<\/p>\n                                                                                                                                                                                                                                                                                                                                                                                                                                                                        <p><a class=\"button button-arrow\" href=\"https:\/\/www.biomarin.com\/our-company\/about-us\/our-history\/\" target=\"_blank\">Para conhecer mais sobre a nossa hist\u00f3ria, acesse: <\/a><\/p>\n                                                                                                                        <\/div>\n                                                \t\t<\/div>\n\t<\/div>\n<\/div>\n\n<div id=\"BioMarin-em-Resumo\" class=\"block split-content equal-bias content-align-top bottom-border\" data-muted-autoplay=\"false\">\n\t<div class=\"wrapper\">\n\t\t<div class=\"inner-wrapper\">\n\t\t                                                                <div class=\"content-block first-block\">\n                                                                                                                                                                                                                                                                                    \n                                    \n                                                                                                                \n                                    \n                                    <figure>\n                                        <div class=\"image image-rounded\">\n                                                                                            <img decoding=\"async\" class=\"\" src=\"https:\/\/www.biomarin.com\/pt-br\/wp-content\/uploads\/sites\/4\/2022\/01\/biomarin-logo.jpeg?v=0.371\" alt=\"BioMarin logo\" \/>                                                                                    <\/div>\n                                                                            <\/figure>\n                                                                                    <\/div>\n                    \n                                            <div class=\"content-block second-block\">\n                                                                                                <h2>BioMarin Brasil em Resumo<\/h2>\n<p><strong>BioMarin Brasil Farmac\u00eautica Ltda<\/strong><br \/>\nCNPJ: 08.002.360\/0001-34<\/p>\n<p><strong>Endere\u00e7o:<\/strong> Rua James Joule, 92 \u2013 4\u00ba. Andar, Cidade Mon\u00e7\u00f5es, S\u00e3o Paulo, SP, CEP 04576-080<\/p>\n<p><strong>Fone:<\/strong> <a href=\"tel:1135550055\">+11 3555 0055<\/a><\/p>\n<p><strong>Funda\u00e7\u00e3o:<\/strong> 2007<\/p>\n                                                                                    <\/div>\n                                                \t\t<\/div>\n\t<\/div>\n<\/div>\n\n<div id=\"acf-block-6421cec9e23ea\" class=\"block wrapped-content block-tight-top block-tight-bottom\">\n    <div class=\"wrapper\">\n        <div class=\"inner-wrapper\">\n                \n<div id=\"acf-block-6421cec9e2519\" class=\"block-wysiwyg\">\n            <h3>Medicamentos aprovados pela Ag\u00eancia Nacional de Vigil\u00e2ncia Sanit\u00e1ria (ANVISA)<\/h3>\n<p><strong><a href=\"https:\/\/www.biomarin.com\/pt-br\/brineura-cln2\/\">BRINEURA<sup>\u00ae<\/sup><\/a> <\/strong>(alfacerliponase) \u00e9 indicado para o tratamento de lipofuscinose ceroide neuronal tipo 2 (CLN2), tamb\u00e9m conhecida doen\u00e7a de Batten, causada pela defici\u00eancia de tripeptidil peptidase 1 (TPP1)<\/p>\n<p><strong><a href=\"https:\/\/www.biomarin.com\/pt-br\/kuvan-pku\/\">KUVAN<sup>\u00ae<\/sup><\/a><\/strong> (dicloridrato de sapropterina) \u00e9 indicado para o tratamento da hiperfenilalaninemia (HFA) em pacientes adultos e pedi\u00e1tricos a partir de um m\u00eas de idade com fenilceton\u00faria (PKU), que se mostraram responsivos a este tratamento. Kuvan tamb\u00e9m \u00e9 indicado para o tratamento da hiperfenilalaninemia (HFA) em pacientes adultos e pedi\u00e1tricos a partir de 4 anos de idade com defici\u00eancia de tetrahidrobiopterina (BH4), que se mostraram responsivos a este tratamento<\/p>\n<p><strong><a href=\"https:\/\/www.biomarin.com\/pt-br\/naglazyme-mps-vi\/\">NAGLAZYME<sup>\u00ae<\/sup><\/a><\/strong> (galsulfase) \u00e9 indicado no tratamento da mucopolissacaridose tipo VI (MPS VI), uma doen\u00e7a na qual o n\u00edvel da enzima de N-acetilgalactosamina 4-sulfatase est\u00e1 ausente ou abaixo do normal.<\/p>\n<p><strong><a href=\"https:\/\/www.biomarin.com\/pt-br\/vimizim-mps-iva\/\">VIMIZIM<sup>\u00ae<\/sup><\/a><\/strong>\u00a0(alfaelosulfase) cont\u00e9m uma enzima chamada alfaelosulfase, que pertence a um grupo de medicamentos conhecido como terapia de reposi\u00e7\u00e3o enzim\u00e1tica. \u00c9 indicado para tratar adultos e crian\u00e7as com Mucopolissacaridose Tipo IV A (doen\u00e7a MPS IVA, tamb\u00e9m conhecida por S\u00edndrome de Morquio A).<\/p>\n<p><strong><a href=\"https:\/\/www.biomarin.com\/pt-br\/voxzogo\/\">VOXZOGO\u2122<\/a><\/strong> (vosoritida) \u00e9 indicado para o tratamento da acondroplasia em pacientes a partir de 2 anos de idade e cujas ep\u00edfises n\u00e3o est\u00e3o fechadas. O diagn\u00f3stico de acondroplasia deve ser confirmado por teste gen\u00e9tico apropriado.<\/p>\n<p>Programas de desenvolvimento cient\u00edfico investigam novas terapias para dist\u00farbios hematol\u00f3gicos, cardiovasculares, metab\u00f3licos e do sistema nervoso central.<\/p>\n<p>Matriz : BioMarin Pharmaceutical Inc, em Novato, Calif\u00f3rnia, Estados Unidos<\/p>\n    <\/div>\n        <\/div>\n    <\/div>\n<\/div>","protected":false},"excerpt":{"rendered":"<p>Sobre a BioMarin Brasil<br \/>\nA BioMarin chegou ao Brasil em 2007, oferecendo, pela primeira vez no pa\u00eds, um tratamento para a mucopolissacaridose tipo VI. Desde ent\u00e3o, temos trabalhado para buscar solu\u00e7\u00f5es para atender as necessidades de pacientes e suas fam\u00edlias que convivem com doen\u00e7as raras e gen\u00e9ticas.<\/p>\n","protected":false},"author":9,"featured_media":0,"parent":0,"menu_order":0,"comment_status":"closed","ping_status":"closed","template":"","meta":{"_acf_changed":false,"inline_featured_image":false,"footnotes":""},"class_list":["post-312","page","type-page","status-publish","hentry"],"acf":[],"yoast_head":"<!-- This site is optimized with the Yoast SEO plugin v27.1.1 - https:\/\/yoast.com\/product\/yoast-seo-wordpress\/ -->\n<title>Sobre a BioMarin Brasil<\/title>\n<meta name=\"description\" content=\"A BioMarin chegou ao Brasil em 2007, oferecendo, pela primeira vez no pa\u00eds, um tratamento para a mucopolissacaridose tipo VI. Desde ent\u00e3o, temos trabalhado para buscar solu\u00e7\u00f5es para atender as necessidades de pacientes e suas fam\u00edlias que convivem com doen\u00e7as raras e gen\u00e9ticas.\" \/>\n<meta name=\"robots\" content=\"index, follow, max-snippet:-1, max-image-preview:large, max-video-preview:-1\" \/>\n<link rel=\"canonical\" href=\"https:\/\/www.biomarin.com\/pt-br\/sobre-a-biomarin-brasil\/\" \/>\n<meta property=\"og:locale\" content=\"pt_BR\" \/>\n<meta property=\"og:type\" content=\"article\" \/>\n<meta property=\"og:title\" content=\"Sobre a BioMarin Brasil\" \/>\n<meta property=\"og:description\" content=\"A BioMarin chegou ao Brasil em 2007, oferecendo, pela primeira vez no pa\u00eds, um tratamento para a mucopolissacaridose tipo VI. Desde ent\u00e3o, temos trabalhado para buscar solu\u00e7\u00f5es para atender as necessidades de pacientes e suas fam\u00edlias que convivem com doen\u00e7as raras e gen\u00e9ticas.\" \/>\n<meta property=\"og:url\" content=\"https:\/\/www.biomarin.com\/pt-br\/sobre-a-biomarin-brasil\/\" \/>\n<meta property=\"og:site_name\" content=\"BioMarin Brasil\" \/>\n<meta property=\"article:publisher\" content=\"https:\/\/www.facebook.com\/BioMarinOfficial\/\" \/>\n<meta property=\"article:modified_time\" content=\"2023-08-10T19:45:22+00:00\" \/>\n<meta property=\"og:image\" content=\"https:\/\/www.biomarin.com\/pt-br\/wp-content\/uploads\/sites\/4\/2022\/02\/at-a-glance-logo.jpeg?v=0.371\" \/>\n\t<meta property=\"og:image:width\" content=\"800\" \/>\n\t<meta property=\"og:image:height\" content=\"800\" \/>\n\t<meta property=\"og:image:type\" content=\"image\/jpeg\" \/>\n<meta name=\"twitter:card\" content=\"summary_large_image\" \/>\n<script type=\"application\/ld+json\" class=\"yoast-schema-graph\">{\"@context\":\"https:\/\/schema.org\",\"@graph\":[{\"@type\":\"WebPage\",\"@id\":\"https:\/\/www.biomarin.com\/pt-br\/sobre-a-biomarin-brasil\/\",\"url\":\"https:\/\/www.biomarin.com\/pt-br\/sobre-a-biomarin-brasil\/\",\"name\":\"Sobre a BioMarin Brasil\",\"isPartOf\":{\"@id\":\"https:\/\/www.biomarin.com\/pt-br\/#website\"},\"datePublished\":\"2022-01-24T13:02:30+00:00\",\"dateModified\":\"2023-08-10T19:45:22+00:00\",\"description\":\"A BioMarin chegou ao Brasil em 2007, oferecendo, pela primeira vez no pa\u00eds, um tratamento para a mucopolissacaridose tipo VI. Desde ent\u00e3o, temos trabalhado para buscar solu\u00e7\u00f5es para atender as necessidades de pacientes e suas fam\u00edlias que convivem com doen\u00e7as raras e gen\u00e9ticas.\",\"breadcrumb\":{\"@id\":\"https:\/\/www.biomarin.com\/pt-br\/sobre-a-biomarin-brasil\/#breadcrumb\"},\"inLanguage\":\"pt-BR\",\"potentialAction\":[{\"@type\":\"ReadAction\",\"target\":[\"https:\/\/www.biomarin.com\/pt-br\/sobre-a-biomarin-brasil\/\"]}]},{\"@type\":\"BreadcrumbList\",\"@id\":\"https:\/\/www.biomarin.com\/pt-br\/sobre-a-biomarin-brasil\/#breadcrumb\",\"itemListElement\":[{\"@type\":\"ListItem\",\"position\":1,\"name\":\"Home\",\"item\":\"https:\/\/www.biomarin.com\/pt-br\/\"},{\"@type\":\"ListItem\",\"position\":2,\"name\":\"Sobre a Biomarin Brasil\"}]},{\"@type\":\"WebSite\",\"@id\":\"https:\/\/www.biomarin.com\/pt-br\/#website\",\"url\":\"https:\/\/www.biomarin.com\/pt-br\/\",\"name\":\"BioMarin Brasil\",\"description\":\"\",\"publisher\":{\"@id\":\"https:\/\/www.biomarin.com\/pt-br\/#organization\"},\"potentialAction\":[{\"@type\":\"SearchAction\",\"target\":{\"@type\":\"EntryPoint\",\"urlTemplate\":\"https:\/\/www.biomarin.com\/pt-br\/?s={search_term_string}\"},\"query-input\":{\"@type\":\"PropertyValueSpecification\",\"valueRequired\":true,\"valueName\":\"search_term_string\"}}],\"inLanguage\":\"pt-BR\"},{\"@type\":\"Organization\",\"@id\":\"https:\/\/www.biomarin.com\/pt-br\/#organization\",\"name\":\"BioMarin\",\"url\":\"https:\/\/www.biomarin.com\/pt-br\/\",\"logo\":{\"@type\":\"ImageObject\",\"inLanguage\":\"pt-BR\",\"@id\":\"https:\/\/www.biomarin.com\/pt-br\/#\/schema\/logo\/image\/\",\"url\":\"https:\/\/www.biomarin.com\/pt-br\/wp-content\/uploads\/sites\/4\/2022\/02\/at-a-glance-logo.jpeg?v=0.180\",\"contentUrl\":\"https:\/\/www.biomarin.com\/pt-br\/wp-content\/uploads\/sites\/4\/2022\/02\/at-a-glance-logo.jpeg?v=0.180\",\"width\":800,\"height\":800,\"caption\":\"BioMarin\"},\"image\":{\"@id\":\"https:\/\/www.biomarin.com\/pt-br\/#\/schema\/logo\/image\/\"},\"sameAs\":[\"https:\/\/www.facebook.com\/BioMarinOfficial\/\",\"https:\/\/www.linkedin.com\/company\/biomarin\/\",\"https:\/\/www.youtube.com\/channel\/UCsJU_aj8_xNFso8ZkfShRJQ\/featured\"]}]}<\/script>\n<!-- \/ Yoast SEO plugin. -->","yoast_head_json":{"title":"Sobre a BioMarin Brasil","description":"A BioMarin chegou ao Brasil em 2007, oferecendo, pela primeira vez no pa\u00eds, um tratamento para a mucopolissacaridose tipo VI. Desde ent\u00e3o, temos trabalhado para buscar solu\u00e7\u00f5es para atender as necessidades de pacientes e suas fam\u00edlias que convivem com doen\u00e7as raras e gen\u00e9ticas.","robots":{"index":"index","follow":"follow","max-snippet":"max-snippet:-1","max-image-preview":"max-image-preview:large","max-video-preview":"max-video-preview:-1"},"canonical":"https:\/\/www.biomarin.com\/pt-br\/sobre-a-biomarin-brasil\/","og_locale":"pt_BR","og_type":"article","og_title":"Sobre a BioMarin Brasil","og_description":"A BioMarin chegou ao Brasil em 2007, oferecendo, pela primeira vez no pa\u00eds, um tratamento para a mucopolissacaridose tipo VI. Desde ent\u00e3o, temos trabalhado para buscar solu\u00e7\u00f5es para atender as necessidades de pacientes e suas fam\u00edlias que convivem com doen\u00e7as raras e gen\u00e9ticas.","og_url":"https:\/\/www.biomarin.com\/pt-br\/sobre-a-biomarin-brasil\/","og_site_name":"BioMarin Brasil","article_publisher":"https:\/\/www.facebook.com\/BioMarinOfficial\/","article_modified_time":"2023-08-10T19:45:22+00:00","og_image":[{"width":800,"height":800,"url":"https:\/\/www.biomarin.com\/pt-br\/wp-content\/uploads\/sites\/4\/2022\/02\/at-a-glance-logo.jpeg?v=0.371","type":"image\/jpeg"}],"twitter_card":"summary_large_image","schema":{"@context":"https:\/\/schema.org","@graph":[{"@type":"WebPage","@id":"https:\/\/www.biomarin.com\/pt-br\/sobre-a-biomarin-brasil\/","url":"https:\/\/www.biomarin.com\/pt-br\/sobre-a-biomarin-brasil\/","name":"Sobre a BioMarin Brasil","isPartOf":{"@id":"https:\/\/www.biomarin.com\/pt-br\/#website"},"datePublished":"2022-01-24T13:02:30+00:00","dateModified":"2023-08-10T19:45:22+00:00","description":"A BioMarin chegou ao Brasil em 2007, oferecendo, pela primeira vez no pa\u00eds, um tratamento para a mucopolissacaridose tipo VI. Desde ent\u00e3o, temos trabalhado para buscar solu\u00e7\u00f5es para atender as necessidades de pacientes e suas fam\u00edlias que convivem com doen\u00e7as raras e gen\u00e9ticas.","breadcrumb":{"@id":"https:\/\/www.biomarin.com\/pt-br\/sobre-a-biomarin-brasil\/#breadcrumb"},"inLanguage":"pt-BR","potentialAction":[{"@type":"ReadAction","target":["https:\/\/www.biomarin.com\/pt-br\/sobre-a-biomarin-brasil\/"]}]},{"@type":"BreadcrumbList","@id":"https:\/\/www.biomarin.com\/pt-br\/sobre-a-biomarin-brasil\/#breadcrumb","itemListElement":[{"@type":"ListItem","position":1,"name":"Home","item":"https:\/\/www.biomarin.com\/pt-br\/"},{"@type":"ListItem","position":2,"name":"Sobre a Biomarin Brasil"}]},{"@type":"WebSite","@id":"https:\/\/www.biomarin.com\/pt-br\/#website","url":"https:\/\/www.biomarin.com\/pt-br\/","name":"BioMarin Brasil","description":"","publisher":{"@id":"https:\/\/www.biomarin.com\/pt-br\/#organization"},"potentialAction":[{"@type":"SearchAction","target":{"@type":"EntryPoint","urlTemplate":"https:\/\/www.biomarin.com\/pt-br\/?s={search_term_string}"},"query-input":{"@type":"PropertyValueSpecification","valueRequired":true,"valueName":"search_term_string"}}],"inLanguage":"pt-BR"},{"@type":"Organization","@id":"https:\/\/www.biomarin.com\/pt-br\/#organization","name":"BioMarin","url":"https:\/\/www.biomarin.com\/pt-br\/","logo":{"@type":"ImageObject","inLanguage":"pt-BR","@id":"https:\/\/www.biomarin.com\/pt-br\/#\/schema\/logo\/image\/","url":"https:\/\/www.biomarin.com\/pt-br\/wp-content\/uploads\/sites\/4\/2022\/02\/at-a-glance-logo.jpeg?v=0.180","contentUrl":"https:\/\/www.biomarin.com\/pt-br\/wp-content\/uploads\/sites\/4\/2022\/02\/at-a-glance-logo.jpeg?v=0.180","width":800,"height":800,"caption":"BioMarin"},"image":{"@id":"https:\/\/www.biomarin.com\/pt-br\/#\/schema\/logo\/image\/"},"sameAs":["https:\/\/www.facebook.com\/BioMarinOfficial\/","https:\/\/www.linkedin.com\/company\/biomarin\/","https:\/\/www.youtube.com\/channel\/UCsJU_aj8_xNFso8ZkfShRJQ\/featured"]}]}},"_links":{"self":[{"href":"https:\/\/www.biomarin.com\/pt-br\/wp-json\/wp\/v2\/pages\/312","targetHints":{"allow":["GET"]}}],"collection":[{"href":"https:\/\/www.biomarin.com\/pt-br\/wp-json\/wp\/v2\/pages"}],"about":[{"href":"https:\/\/www.biomarin.com\/pt-br\/wp-json\/wp\/v2\/types\/page"}],"author":[{"embeddable":true,"href":"https:\/\/www.biomarin.com\/pt-br\/wp-json\/wp\/v2\/users\/9"}],"replies":[{"embeddable":true,"href":"https:\/\/www.biomarin.com\/pt-br\/wp-json\/wp\/v2\/comments?post=312"}],"version-history":[{"count":9,"href":"https:\/\/www.biomarin.com\/pt-br\/wp-json\/wp\/v2\/pages\/312\/revisions"}],"predecessor-version":[{"id":3558,"href":"https:\/\/www.biomarin.com\/pt-br\/wp-json\/wp\/v2\/pages\/312\/revisions\/3558"}],"wp:attachment":[{"href":"https:\/\/www.biomarin.com\/pt-br\/wp-json\/wp\/v2\/media?parent=312"}],"curies":[{"name":"wp","href":"https:\/\/api.w.org\/{rel}","templated":true}]}}