{"id":322,"date":"2022-01-24T13:46:15","date_gmt":"2022-01-24T13:46:15","guid":{"rendered":"https:\/\/countrylanding-dev-001.azurewebsites.net\/au\/?page_id=322"},"modified":"2023-08-10T19:52:36","modified_gmt":"2023-08-10T19:52:36","slug":"associacoes-de-pacientes","status":"publish","type":"page","link":"https:\/\/www.biomarin.com\/pt-br\/associacoes-de-pacientes\/","title":{"rendered":"Associa\u00e7\u00f5es de Pacientes"},"content":{"rendered":"<div id=\"acf-block-6421d091ed906\" class=\"hero\">\n            <div class=\"hero-background-image hero-background-image-desktop\" style=\"background-image: url(https:\/\/www.biomarin.com\/pt-br\/wp-content\/uploads\/sites\/4\/2022\/03\/Patient-organisations-edited.jpg?v=0.371);\"><\/div>\n\t    <div class=\"hero-background-image hero-background-image-mobile\" style=\"background-image: url(https:\/\/www.biomarin.com\/pt-br\/wp-content\/uploads\/sites\/4\/2023\/08\/mob-grad-H.jpg?v=0.371);\"><\/div>\n    \t<div class=\"overlay\"><\/div>\n\t<div class=\"wrapper\">\n\t\t<div class=\"inner-wrapper\">\n\t\t\t<div class=\"hero-content\">\n\t\t\t    \t\t\t\t    <span class=\"section-title\">Suporte da comunidade<\/span>\n\t\t\t\t\t\t\t\t\t\t\t\t\t\t\t\t    <h1>Associa\u00e7\u00f5es de Pacientes\n<\/h1>\n\t\t\t\t\t\t\t\t\t\t\t\t    <p>Abaixo, voc\u00ea encontra uma lista de organiza\u00e7\u00f5es que apoiam as comunidades que buscamos tratar.<\/p>\n\t\t\t\t\t\t\t\t\n                <p class=\"inline-buttons\">\n                                                        <\/p>\n\t\t\t\t\t\t\t<\/div>\n\t\t<\/div>\n\t<\/div>\n<\/div>\n\n\n<div id=\"acf-block-6421f721f2605\" class=\"block cards cards-1-col block-tight-top block-tight-bottom\">\n\t<div class=\"wrapper\">\n\t\t<div class=\"inner-wrapper\">\n\t\t\t<div class=\"cards-title\">\n\t\t\t    \t\t\t\t\t\t\t<\/div>\n\t\t\t<div class=\"cards-wrapper\">\n\t\t\t    \n<div id=\"Acondroplasia\" class=\"card\" data-muted-autoplay=\"false\">\n        <div class=\"card-content\">\n                            <h4>Acondroplasia (ACH)\n\n<\/h4>\n        \n                                                                                                            <h5>Associa\u00e7\u00e3o Nanismo Brasil (ANNABRA)<\/h5>\n<p>\u00c1rea de Atua\u00e7\u00e3o: Brasil<\/p>\n<p><strong>E-mail:<\/strong><br \/>\n<a href=\"mailto:contato@annabra.org\">contato@annabra.org<\/a><br \/>\n<a href=\"mailto:contatoannabra@gmail.com\">contatoannabra@gmail.com<\/a><\/p>\n<p><strong>Telefone: <\/strong><br \/>\n<a href=\"tel:21964165196\">(21) 9641 65196<\/a><\/p>\n<h5>&#8211; Instituto Nacional de Nanismo (INN)<\/h5>\n<p>\u00c1rea de Atua\u00e7\u00e3o: Brasil<\/p>\n<p><strong>E-mail:<\/strong><br \/>\n<a href=\"mailto:comunicacao@inn.org.br\">comunicacao@inn.org.br<\/a><\/p>\n<p><strong>Telefone: <\/strong><br \/>\n<a href=\"http:\/\/(62)99990-2223\">(62) 99990-2223<\/a><\/p>\n<h5>&#8211; Instituto Amor e Carinho (IAC)<\/h5>\n<p>\u00c1rea de Atua\u00e7\u00e3o: Brasil<\/p>\n<p><strong>E-mail:<\/strong><br \/>\n<a href=\"mailto:contato@institutoamorecarinho.org\">contato@institutoamorecarinho.org<\/a><\/p>\n<p><strong>Telefone: <\/strong><br \/>\n<a href=\"http:\/\/(19)3264-5057\">(19) 3264-5057<\/a><\/p>\n<h5>&#8211; Atopicos Brasil<\/h5>\n<p>Local de Atua\u00e7\u00e3o: MG e Brasil<\/p>\n<p><strong>E-mail:<\/strong><br \/>\n<a href=\"mailto:contato@atopicosbrasil.org.br\">contato@atopicosbrasil.org.br<\/a><\/p>\n<p><strong>Telefone: <\/strong><br \/>\n<a href=\"tel:(31)99525-4752\">(31) 99525-4752<\/a><\/p>\n<h5>&#8211; Associa\u00e7\u00e3o Cearense dos Portadores de Doen\u00e7as Raras &#8211; AC<\/h5>\n<p>Local de Atua\u00e7\u00e3o: CE e Regi\u00e3o Nordeste<\/p>\n<p><strong>E-mail:<\/strong><br \/>\n<a href=\"mailto:contato@acepdr.com.br\" target=\"_blank\" rel=\"noopener\">contato@acepdr.com.br<\/a><\/p>\n<p><strong>Telefone: <\/strong><br \/>\n<a href=\"tel:(85)3121-2624\">(85) 3121-2624<\/a><\/p>\n<p>&nbsp;<\/p>\n                                                                                    <\/div>\n<\/div>\n\n<div id=\"CLN2\" class=\"card\" data-muted-autoplay=\"false\">\n        <div class=\"card-content\">\n                            <h4>Lipofuscinose Ceroide Neuronal tipo 2 (CLN2)\n<\/h4>\n        \n                                                                                                            <h5>&#8211; Associa\u00e7\u00e3o Norte de S\u00edndrome de Williams e Outras Doen\u00e7as Raras (ANSW &amp; ODR)<\/h5>\n<p>\u00c1rea de Atua\u00e7\u00e3o: Regi\u00e3o Norte<\/p>\n<p><strong>E-mail:<br \/>\n<\/strong><a href=\"mailto:assoc.norteraras@gmail.com\">assoc.norteraras@gmail.com<\/a><\/p>\n<p><strong>Telefone:<br \/>\n<\/strong><a href=\"tel:(91)98222-3080\">(91)98222-3080<\/a><\/p>\n<h5>&#8211; Associa\u00e7\u00e3o Niemann-Pick e Batten Brasil (ANPB)<\/h5>\n<p>\u00c1rea de Atua\u00e7\u00e3o: Brasil<\/p>\n<p><strong>E-mail:<br \/>\n<\/strong><a href=\"mailto:rejanemsmachado@gmail.com\">rejanemsmachado@gmail.com<\/a><\/p>\n<p><strong>Telefone:<br \/>\n<\/strong><a href=\"tel:(41)99625-4809\">(41)99625-4809<\/a><\/p>\n                                                                                    <\/div>\n<\/div>\n\n<div id=\"Mucopolissacaridose-MPS\" class=\"card\" data-muted-autoplay=\"false\">\n        <div class=\"card-content\">\n                            <h4>Mucopolissacaridoses (MPS)\n<\/h4>\n        \n                                                                                                            <h5>&#8211; Associa\u00e7\u00e3o Baiana dos Familiares e Amigos dos Portadores de Mucopolissacaridoses (ABAMPS)<\/h5>\n<p>\u00c1rea de Atua\u00e7\u00e3o: Bahia<\/p>\n<p><strong>E-mail:<\/strong><br \/>\n<a href=\"mailto:abamps.raras@outlook.com\">abamps.raras@outlook.com<\/a><\/p>\n<p><strong>Telefone:<\/strong><br \/>\n<a href=\"tel:(71)98894-7403\">(71) 98894-7403<\/a><\/p>\n<h5>&#8211; Associa\u00e7\u00e3o De Apoio Aos Cuidadores E Pessoas Com Doen\u00e7as Raras (Cuidados Raros)<\/h5>\n<p>\u00c1rea de Atua\u00e7\u00e3o: Rio de Janeiro<\/p>\n<p><strong>E-mail:<\/strong><br \/>\n<a href=\"mailto:contato@cuidadosraros.org.br\">contato@cuidadosraros.org.br<\/a><\/p>\n<p><strong>Telefone:<\/strong><br \/>\n<a href=\"tel:(21)99364-0187\">(21) 99364-0187<\/a><\/p>\n<h5>&#8211; Associa\u00e7\u00e3o Maranhense de Doen\u00e7as Gen\u00e9ticas e Raras (AMAGeR)<\/h5>\n<p>\u00c1rea de Atua\u00e7\u00e3o: Maranh\u00e3o<\/p>\n<p><strong>E-mail:<\/strong><br \/>\n<a href=\"mailto:contato.amager.ma@gmail.com\">contato.amager.ma@gmail.com<\/a><\/p>\n<p><strong>Telefone:<\/strong><br \/>\n<a href=\"tel:(99)99125-9367\">(99) 99125-9367<\/a><\/p>\n<h5>&#8211; Associa\u00e7\u00e3o Maria Vit\u00f3ria de Doen\u00e7as Raras e Cr\u00f4nicas (AMAVI)<\/h5>\n<p>\u00c1rea de Atua\u00e7\u00e3o: Minas Gerais<\/p>\n<p><strong>E-mail:<\/strong><br \/>\n<a href=\"mailto:miriamammps@yahoo.com.br\">miriamammps@yahoo.com.br<\/a><\/p>\n<p><strong>Telefone:<\/strong><br \/>\n<a href=\"tel:(37)3525-2530\">(37) 3525-2530<\/a><\/p>\n<h5>&#8211; Associa\u00e7\u00e3o Sergipana de Pessoas com Doen\u00e7as Raras (ASPDR)<\/h5>\n<p>\u00c1rea de Atua\u00e7\u00e3o: Sergipe<\/p>\n<p><strong>E-mail:<\/strong><br \/>\n<a href=\"mailto:asmps.central@gmail.com\">asmps.central@gmail.com<\/a><\/p>\n<p><strong>Telefone:<\/strong><br \/>\n<a href=\"tel:(79)99990-0777\">(79) 99990-0777<\/a><\/p>\n<h5>&#8211; Associa\u00e7\u00e3o Mineira de Mucopolissacaridoes (AMMPS)<\/h5>\n<p>\u00c1rea de Atua\u00e7\u00e3o: Minas Gerais<\/p>\n<p><strong>E-mail:<\/strong><br \/>\n<a href=\"mailto:miriamammps@yahoo.com.br\">miriamammps@yahoo.com.br<\/a><\/p>\n<p><strong>Telefone:<\/strong><br \/>\n<a href=\"tel:(37)3525-2530\">(37) 3525-2530<\/a><\/p>\n                                                                                    <\/div>\n<\/div>\n\n<div id=\"Fenilceton\u00faria-PKU\" class=\"card\" data-muted-autoplay=\"false\">\n        <div class=\"card-content\">\n                            <h4>Fenilceton\u00faria (PKU)\n<\/h4>\n        \n                                                                                                            <h5>&#8211; Associa\u00e7\u00e3o Amiga dos Fenilceton\u00faricos do Brasil (SAFE)<\/h5>\n<p>\u00c1rea de Atua\u00e7\u00e3o: Brasil<\/p>\n<p><strong>E-mail:<\/strong><br \/>\n<a href=\"mailto:safe@safe.org.br\">safe@safe.org.br<\/a><\/p>\n<p><strong>Telefone:<\/strong><br \/>\n<a href=\"tel:11999255627\">(11) 99925-5627<\/a><\/p>\n<h5>&#8211; M\u00e3es Metab\u00f3licas (MM)<\/h5>\n<p>\u00c1rea de Atua\u00e7\u00e3o: Brasil<\/p>\n<p><strong>E-mail:<\/strong><br \/>\n<a href=\"mailto:maesmetabolicas@gmail.com\">maesmetabolicas@gmail.com<\/a><\/p>\n<p><strong>Telefone:<\/strong><br \/>\n<a href=\"tel:21984580000\">(21) 98458-0000<\/a><\/p>\n                                                                                    <\/div>\n<\/div>\n\t\t\t<\/div>\n\t\t<\/div>\n\t<\/div>\n<\/div>\n\n<div id=\"Doen\u00e7as-Raras\" class=\"block wrapped-content block-tight-top block-tight-bottom\">\n    <div class=\"wrapper\">\n        <div class=\"inner-wrapper\">\n                \n<div id=\"acf-block-64220b319cb99\" class=\"block-wysiwyg\">\n            <h2>Doen\u00e7as Raras<\/h2>\n    <\/div>\n        <\/div>\n    <\/div>\n<\/div>\n\n<div id=\"acf-block-64220b319cd96\" class=\"block cards cards-1-col block-tight-top block-tight-bottom\">\n\t<div class=\"wrapper\">\n\t\t<div class=\"inner-wrapper\">\n\t\t\t<div class=\"cards-title\">\n\t\t\t    \t\t\t\t\t\t\t<\/div>\n\t\t\t<div class=\"cards-wrapper\">\n\t\t\t    \n<div id=\"acf-block-64220b319ce2c\" class=\"card\" data-muted-autoplay=\"false\">\n        <div class=\"card-content\">\n                \n                                                                                                            <h5>&#8211; Instituto Vidas Raras (IVR)<\/h5>\n<p>\u00c1rea de Atua\u00e7\u00e3o: S\u00e3o Paulo e Brasil<\/p>\n<p><strong>E-mail:<\/strong><br \/>\n<a href=\"mailto:acesso@vidasraras.org.br\">acesso@vidasraras.org.br<\/a><\/p>\n<p><strong>Telefone:<\/strong><br \/>\n<a href=\"tel:08000067898\">0800 006 7898<\/a><\/p>\n<h5>&#8211; Federa\u00e7\u00e3o Brasileira das Associa\u00e7\u00f5es de Doen\u00e7as Raras (FEBRARARAS)<\/h5>\n<p>\u00c1rea de Atua\u00e7\u00e3o: Brasil<\/p>\n<p><strong>E-mail:<\/strong><br \/>\n<a href=\"mailto:febrararas@febrararas.org\">febrararas@febrararas.org<\/a><\/p>\n<p><strong>Telefone:<\/strong><br \/>\n<a href=\"tel:(61)3246-9284\">(61) 3246-9284<\/a><br \/>\n<a href=\"tel:(61)98201-3885\">(61) 98201-3885<\/a><\/p>\n<h5>&#8211; Federa\u00e7\u00e3o de Doen\u00e7as Raras Norte, Nordeste e Centro-Oeste (FEDRANN)<\/h5>\n<p>\u00c1rea de Atua\u00e7\u00e3o: Para\u00edba, Regi\u00e3o Norte e Nordeste\/Brasil<\/p>\n<p><strong>E-mail:<\/strong><br \/>\n<a href=\"mailto:fedrannpb@gmail.com\">fedrannpb@gmail.com<\/a><br \/>\n<a href=\"mailto:fedrannoficial@gmail.com\">fedrannoficial@gmail.com<\/a><\/p>\n<p><strong>Telefone:<\/strong><br \/>\n<a href=\"tel:83996116595\">(83) 99611-6595 <\/a><br \/>\n<a href=\"tel:85996150078\">(85) 99615-0078<\/a><\/p>\n<h5>&#8211; Associa\u00e7\u00e3o Brasileira de Doen\u00e7as Gen\u00e9ticas (ACDG)<\/h5>\n<p>\u00c1rea de Atua\u00e7\u00e3o: Cear\u00e1<\/p>\n<p><strong>E-mail:<\/strong><br \/>\n<a href=\"mailto:acdgmonica@gmail.com\">acdgmonica@gmail.com<\/a><\/p>\n<p><strong>Telefone:<\/strong><br \/>\n<a href=\"tel:(85)3254-4260\">(85) 3254-4260<\/a><\/p>\n<h5>&#8211; Associa\u00e7\u00e3o Catarinense de Doen\u00e7as Raras (ACDR &amp; ACAMU)<\/h5>\n<p>\u00c1rea de Atua\u00e7\u00e3o: Santa Catarina<\/p>\n<p><strong>E-mail:<\/strong><br \/>\n<a href=\"mailto:contato@acdracamu.org\">contato@acdracamu.org<\/a><\/p>\n<p><strong>Telefone:<\/strong><br \/>\n<a href=\"tel:(48)99960-5045\">(48) 99960-5045<\/a><\/p>\n<h5>&#8211; Associa\u00e7\u00e3o de Doen\u00e7a Raras do Rio Grande do Norte (AMPSRN)<\/h5>\n<p>\u00c1rea de Atua\u00e7\u00e3o: Rio Grande do Norte<\/p>\n<p><strong>E-mail:<\/strong><br \/>\n<a href=\"mailto:amps.rn.2010@gmail.com\">amps.rn.2010@gmail.com<\/a><\/p>\n<p><strong>Telefone:<\/strong><br \/>\n<a href=\"tel:(84)99181-2775\">(84) 99181-2775<\/a><\/p>\n<h5>&#8211; Associa\u00e7\u00e3o Norte de S\u00edndrome de Williams e Outras Doen\u00e7as Raras (ANSW &amp; ODR)<\/h5>\n<p>\u00c1rea de Atua\u00e7\u00e3o: Regi\u00e3o Norte<\/p>\n<p><strong>E-mail:<\/strong><br \/>\n<a href=\"mailto:assoc.norteraras@gmail.com\">assoc.norteraras@gmail.com<\/a><\/p>\n<p><strong>Telefone:<\/strong><br \/>\n<a href=\"tel:(91)98222-3080\">(91)98222-3080<\/a><\/p>\n<h5>&#8211; Casa Hunter<\/h5>\n<p>\u00c1rea de Atua\u00e7\u00e3o: S\u00e3o Paulo e Brasil<\/p>\n<p><strong>E-mail:<\/strong><br \/>\n<a href=\"mailto:casahunter@casahunter.org.br\">casahunter@casahunter.org.br<\/a><\/p>\n<p><strong>Telefone:<\/strong><br \/>\n<a href=\"tel:11991623737\">(11) 99162-3737<\/a><\/p>\n<h5>&#8211; Instituto Atlas Biosocial (IABS)<\/h5>\n<p>\u00c1rea de Atua\u00e7\u00e3o: Rio Grande do Sul e Paran\u00e1<\/p>\n<p><strong>E-mail:<\/strong><br \/>\n<a href=\"mailto:institutoatlasbiosocial@gmail.com\">institutoatlasbiosocial@gmail.com<\/a><\/p>\n<p><strong>Telefone:<\/strong><br \/>\n<a href=\"tel:(54)99909-4754\">(54) 99909-4754<\/a><\/p>\n<h5>&#8211; Instituto Breno Bloise (IBB)<\/h5>\n<p>\u00c1rea de Atua\u00e7\u00e3o: Pernambuco<\/p>\n<p><strong>E-mail:<\/strong><br \/>\n<a href=\"mailto:institutobrenobloise@gmail.com\">institutobrenobloise@gmail.com<\/a><\/p>\n<p><strong>Telefone:<\/strong><br \/>\n<a href=\"tel:(81)99106-3226\">(81) 99106-3226<\/a><\/p>\n<h5>&#8211; Associa\u00e7\u00e3o Paraibana de Doen\u00e7as Raras (ASPADOR)<\/h5>\n<p>\u00c1rea de Atua\u00e7\u00e3o: Pernambuco<\/p>\n<p><strong>E-mail:<\/strong><br \/>\n<a href=\"mailto:institutobrenobloise@gmail.com\" target=\"_blank\" rel=\"noopener\"><span class=\"aah\">institutobrenobloise@gmail.com<\/span><\/a><\/p>\n<p><strong>Telefone:<\/strong><br \/>\n<span class=\"aah\"><a href=\"tel:(83)3235-8956\">(83) 3235-8956<\/a> \/<span class=\"aag\">\u00a0\u00a0<\/span><a href=\"tel:(83)9867-8665\">(83) 9867-8665<\/a><\/span><\/p>\n<p>&nbsp;<\/p>\n                                                                                    <\/div>\n<\/div>\n\t\t\t<\/div>\n\t\t<\/div>\n\t<\/div>\n<\/div>\n\n<div id=\"acf-block-64220bea575ba\" class=\"block call-to-action block-tight-top block-tight-bottom\">\n    <div class=\"wrapper\">\n\t\t<div class=\"inner-wrapper\">\n\t\t\t<div class=\"box\" style=\"\">\n\t\t\t\t<div class=\"overlay\"><\/div>\n\t\t\t\t<div class=\"cta-content\">\n\t\t\t\t    \t\t\t\t\t<div class=\"cta-content-main\">\n                        <div class=\"content-block\">\n\t\t\t\t\t        \t\t\t\t\t        \t\t\t\t\t\t    \t\t\t\t\t\t        <p>Nota:\u00a0Estas listagens s\u00e3o fornecidas pela BioMarin como informa\u00e7\u00f5es adicionais aos pacientes, seus familiares e provedores de cuidado \u00e0 sa\u00fade. Os contatos e a \u00e1rea de atua\u00e7\u00e3o s\u00e3o mantidos pelas organiza\u00e7\u00f5es listadas. A BioMarin n\u00e3o endossa nenhuma organiza\u00e7\u00e3o em particular ou teor contido em seus websites.<\/p>\n\t\t\t\t\t\t    \t\t\t\t\t    <\/div>\n\t\t\t\t\t                        <\/div>\n\t\t\t\t<\/div>\n\t\t\t<\/div>\n\t\t<\/div>\n\t<\/div>\n<\/div>","protected":false},"excerpt":{"rendered":"<p>Nosso compromisso \u00e9 impactar positivamente a vida da pessoas com doen\u00e7as raras, n\u00e3o apenas por meio de medicamentos inovadores, mas tamb\u00e9m unindo for\u00e7as com as associa\u00e7\u00f5es que apoiam as comunidades que buscamos tratar. Abaixo, voc\u00ea encontra uma lista de associa\u00e7\u00f5es de pacientes e organiza\u00e7\u00f5es sem fins lucrativos no Brasil, as quais fornecem educa\u00e7\u00e3o, recursos e servi\u00e7os de suporte para acompanhar os pacientes em sua jornada na conviv\u00eancia com as doen\u00e7as raras.<\/p>\n","protected":false},"author":9,"featured_media":0,"parent":0,"menu_order":0,"comment_status":"closed","ping_status":"closed","template":"","meta":{"_acf_changed":false,"inline_featured_image":false,"footnotes":""},"class_list":["post-322","page","type-page","status-publish","hentry"],"acf":[],"yoast_head":"<!-- This site is optimized with the Yoast SEO plugin v27.1.1 - https:\/\/yoast.com\/product\/yoast-seo-wordpress\/ -->\n<title>Associa\u00e7\u00f5es de Pacientes em Doen\u00e7as Gen\u00e9ticas Raras<\/title>\n<meta name=\"description\" content=\"Nosso compromisso \u00e9 impactar positivamente a vida da pessoas com doen\u00e7as raras, n\u00e3o apenas por meio de medicamentos inovadores, mas tamb\u00e9m unindo for\u00e7as com as associa\u00e7\u00f5es que apoiam as comunidades que buscamos tratar. Abaixo, voc\u00ea encontra uma lista de associa\u00e7\u00f5es de pacientes e organiza\u00e7\u00f5es sem fins lucrativos no Brasil, as quais fornecem educa\u00e7\u00e3o, recursos e servi\u00e7os de suporte para acompanhar os pacientes em sua jornada na conviv\u00eancia com as doen\u00e7as raras.\" \/>\n<meta name=\"robots\" content=\"index, follow, max-snippet:-1, max-image-preview:large, max-video-preview:-1\" \/>\n<link rel=\"canonical\" href=\"https:\/\/www.biomarin.com\/pt-br\/associacoes-de-pacientes\/\" \/>\n<meta property=\"og:locale\" content=\"pt_BR\" \/>\n<meta property=\"og:type\" content=\"article\" \/>\n<meta property=\"og:title\" content=\"Associa\u00e7\u00f5es de Pacientes em Doen\u00e7as Gen\u00e9ticas Raras\" \/>\n<meta property=\"og:description\" content=\"Nosso compromisso \u00e9 impactar positivamente a vida da pessoas com doen\u00e7as raras, n\u00e3o apenas por meio de medicamentos inovadores, mas tamb\u00e9m unindo for\u00e7as com as associa\u00e7\u00f5es que apoiam as comunidades que buscamos tratar. Abaixo, voc\u00ea encontra uma lista de associa\u00e7\u00f5es de pacientes e organiza\u00e7\u00f5es sem fins lucrativos no Brasil, as quais fornecem educa\u00e7\u00e3o, recursos e servi\u00e7os de suporte para acompanhar os pacientes em sua jornada na conviv\u00eancia com as doen\u00e7as raras.\" \/>\n<meta property=\"og:url\" content=\"https:\/\/www.biomarin.com\/pt-br\/associacoes-de-pacientes\/\" \/>\n<meta property=\"og:site_name\" content=\"BioMarin Brasil\" \/>\n<meta property=\"article:publisher\" content=\"https:\/\/www.facebook.com\/BioMarinOfficial\/\" \/>\n<meta property=\"article:modified_time\" content=\"2023-08-10T19:52:36+00:00\" \/>\n<meta property=\"og:image\" content=\"https:\/\/www.biomarin.com\/pt-br\/wp-content\/uploads\/sites\/4\/2022\/02\/at-a-glance-logo.jpeg?v=0.371\" \/>\n\t<meta property=\"og:image:width\" content=\"800\" \/>\n\t<meta property=\"og:image:height\" content=\"800\" \/>\n\t<meta property=\"og:image:type\" content=\"image\/jpeg\" \/>\n<meta name=\"twitter:card\" content=\"summary_large_image\" \/>\n<script type=\"application\/ld+json\" class=\"yoast-schema-graph\">{\"@context\":\"https:\/\/schema.org\",\"@graph\":[{\"@type\":\"WebPage\",\"@id\":\"https:\/\/www.biomarin.com\/pt-br\/associacoes-de-pacientes\/\",\"url\":\"https:\/\/www.biomarin.com\/pt-br\/associacoes-de-pacientes\/\",\"name\":\"Associa\u00e7\u00f5es de Pacientes em Doen\u00e7as Gen\u00e9ticas Raras\",\"isPartOf\":{\"@id\":\"https:\/\/www.biomarin.com\/pt-br\/#website\"},\"datePublished\":\"2022-01-24T13:46:15+00:00\",\"dateModified\":\"2023-08-10T19:52:36+00:00\",\"description\":\"Nosso compromisso \u00e9 impactar positivamente a vida da pessoas com doen\u00e7as raras, n\u00e3o apenas por meio de medicamentos inovadores, mas tamb\u00e9m unindo for\u00e7as com as associa\u00e7\u00f5es que apoiam as comunidades que buscamos tratar. Abaixo, voc\u00ea encontra uma lista de associa\u00e7\u00f5es de pacientes e organiza\u00e7\u00f5es sem fins lucrativos no Brasil, as quais fornecem educa\u00e7\u00e3o, recursos e servi\u00e7os de suporte para acompanhar os pacientes em sua jornada na conviv\u00eancia com as doen\u00e7as raras.\",\"breadcrumb\":{\"@id\":\"https:\/\/www.biomarin.com\/pt-br\/associacoes-de-pacientes\/#breadcrumb\"},\"inLanguage\":\"pt-BR\",\"potentialAction\":[{\"@type\":\"ReadAction\",\"target\":[\"https:\/\/www.biomarin.com\/pt-br\/associacoes-de-pacientes\/\"]}]},{\"@type\":\"BreadcrumbList\",\"@id\":\"https:\/\/www.biomarin.com\/pt-br\/associacoes-de-pacientes\/#breadcrumb\",\"itemListElement\":[{\"@type\":\"ListItem\",\"position\":1,\"name\":\"Home\",\"item\":\"https:\/\/www.biomarin.com\/pt-br\/\"},{\"@type\":\"ListItem\",\"position\":2,\"name\":\"Associa\u00e7\u00f5es de Pacientes\"}]},{\"@type\":\"WebSite\",\"@id\":\"https:\/\/www.biomarin.com\/pt-br\/#website\",\"url\":\"https:\/\/www.biomarin.com\/pt-br\/\",\"name\":\"BioMarin Brasil\",\"description\":\"\",\"publisher\":{\"@id\":\"https:\/\/www.biomarin.com\/pt-br\/#organization\"},\"potentialAction\":[{\"@type\":\"SearchAction\",\"target\":{\"@type\":\"EntryPoint\",\"urlTemplate\":\"https:\/\/www.biomarin.com\/pt-br\/?s={search_term_string}\"},\"query-input\":{\"@type\":\"PropertyValueSpecification\",\"valueRequired\":true,\"valueName\":\"search_term_string\"}}],\"inLanguage\":\"pt-BR\"},{\"@type\":\"Organization\",\"@id\":\"https:\/\/www.biomarin.com\/pt-br\/#organization\",\"name\":\"BioMarin\",\"url\":\"https:\/\/www.biomarin.com\/pt-br\/\",\"logo\":{\"@type\":\"ImageObject\",\"inLanguage\":\"pt-BR\",\"@id\":\"https:\/\/www.biomarin.com\/pt-br\/#\/schema\/logo\/image\/\",\"url\":\"https:\/\/www.biomarin.com\/pt-br\/wp-content\/uploads\/sites\/4\/2022\/02\/at-a-glance-logo.jpeg?v=0.180\",\"contentUrl\":\"https:\/\/www.biomarin.com\/pt-br\/wp-content\/uploads\/sites\/4\/2022\/02\/at-a-glance-logo.jpeg?v=0.180\",\"width\":800,\"height\":800,\"caption\":\"BioMarin\"},\"image\":{\"@id\":\"https:\/\/www.biomarin.com\/pt-br\/#\/schema\/logo\/image\/\"},\"sameAs\":[\"https:\/\/www.facebook.com\/BioMarinOfficial\/\",\"https:\/\/www.linkedin.com\/company\/biomarin\/\",\"https:\/\/www.youtube.com\/channel\/UCsJU_aj8_xNFso8ZkfShRJQ\/featured\"]}]}<\/script>\n<!-- \/ Yoast SEO plugin. -->","yoast_head_json":{"title":"Associa\u00e7\u00f5es de Pacientes em Doen\u00e7as Gen\u00e9ticas Raras","description":"Nosso compromisso \u00e9 impactar positivamente a vida da pessoas com doen\u00e7as raras, n\u00e3o apenas por meio de medicamentos inovadores, mas tamb\u00e9m unindo for\u00e7as com as associa\u00e7\u00f5es que apoiam as comunidades que buscamos tratar. Abaixo, voc\u00ea encontra uma lista de associa\u00e7\u00f5es de pacientes e organiza\u00e7\u00f5es sem fins lucrativos no Brasil, as quais fornecem educa\u00e7\u00e3o, recursos e servi\u00e7os de suporte para acompanhar os pacientes em sua jornada na conviv\u00eancia com as doen\u00e7as raras.","robots":{"index":"index","follow":"follow","max-snippet":"max-snippet:-1","max-image-preview":"max-image-preview:large","max-video-preview":"max-video-preview:-1"},"canonical":"https:\/\/www.biomarin.com\/pt-br\/associacoes-de-pacientes\/","og_locale":"pt_BR","og_type":"article","og_title":"Associa\u00e7\u00f5es de Pacientes em Doen\u00e7as Gen\u00e9ticas Raras","og_description":"Nosso compromisso \u00e9 impactar positivamente a vida da pessoas com doen\u00e7as raras, n\u00e3o apenas por meio de medicamentos inovadores, mas tamb\u00e9m unindo for\u00e7as com as associa\u00e7\u00f5es que apoiam as comunidades que buscamos tratar. Abaixo, voc\u00ea encontra uma lista de associa\u00e7\u00f5es de pacientes e organiza\u00e7\u00f5es sem fins lucrativos no Brasil, as quais fornecem educa\u00e7\u00e3o, recursos e servi\u00e7os de suporte para acompanhar os pacientes em sua jornada na conviv\u00eancia com as doen\u00e7as raras.","og_url":"https:\/\/www.biomarin.com\/pt-br\/associacoes-de-pacientes\/","og_site_name":"BioMarin Brasil","article_publisher":"https:\/\/www.facebook.com\/BioMarinOfficial\/","article_modified_time":"2023-08-10T19:52:36+00:00","og_image":[{"width":800,"height":800,"url":"https:\/\/www.biomarin.com\/pt-br\/wp-content\/uploads\/sites\/4\/2022\/02\/at-a-glance-logo.jpeg?v=0.371","type":"image\/jpeg"}],"twitter_card":"summary_large_image","schema":{"@context":"https:\/\/schema.org","@graph":[{"@type":"WebPage","@id":"https:\/\/www.biomarin.com\/pt-br\/associacoes-de-pacientes\/","url":"https:\/\/www.biomarin.com\/pt-br\/associacoes-de-pacientes\/","name":"Associa\u00e7\u00f5es de Pacientes em Doen\u00e7as Gen\u00e9ticas Raras","isPartOf":{"@id":"https:\/\/www.biomarin.com\/pt-br\/#website"},"datePublished":"2022-01-24T13:46:15+00:00","dateModified":"2023-08-10T19:52:36+00:00","description":"Nosso compromisso \u00e9 impactar positivamente a vida da pessoas com doen\u00e7as raras, n\u00e3o apenas por meio de medicamentos inovadores, mas tamb\u00e9m unindo for\u00e7as com as associa\u00e7\u00f5es que apoiam as comunidades que buscamos tratar. Abaixo, voc\u00ea encontra uma lista de associa\u00e7\u00f5es de pacientes e organiza\u00e7\u00f5es sem fins lucrativos no Brasil, as quais fornecem educa\u00e7\u00e3o, recursos e servi\u00e7os de suporte para acompanhar os pacientes em sua jornada na conviv\u00eancia com as doen\u00e7as raras.","breadcrumb":{"@id":"https:\/\/www.biomarin.com\/pt-br\/associacoes-de-pacientes\/#breadcrumb"},"inLanguage":"pt-BR","potentialAction":[{"@type":"ReadAction","target":["https:\/\/www.biomarin.com\/pt-br\/associacoes-de-pacientes\/"]}]},{"@type":"BreadcrumbList","@id":"https:\/\/www.biomarin.com\/pt-br\/associacoes-de-pacientes\/#breadcrumb","itemListElement":[{"@type":"ListItem","position":1,"name":"Home","item":"https:\/\/www.biomarin.com\/pt-br\/"},{"@type":"ListItem","position":2,"name":"Associa\u00e7\u00f5es de Pacientes"}]},{"@type":"WebSite","@id":"https:\/\/www.biomarin.com\/pt-br\/#website","url":"https:\/\/www.biomarin.com\/pt-br\/","name":"BioMarin Brasil","description":"","publisher":{"@id":"https:\/\/www.biomarin.com\/pt-br\/#organization"},"potentialAction":[{"@type":"SearchAction","target":{"@type":"EntryPoint","urlTemplate":"https:\/\/www.biomarin.com\/pt-br\/?s={search_term_string}"},"query-input":{"@type":"PropertyValueSpecification","valueRequired":true,"valueName":"search_term_string"}}],"inLanguage":"pt-BR"},{"@type":"Organization","@id":"https:\/\/www.biomarin.com\/pt-br\/#organization","name":"BioMarin","url":"https:\/\/www.biomarin.com\/pt-br\/","logo":{"@type":"ImageObject","inLanguage":"pt-BR","@id":"https:\/\/www.biomarin.com\/pt-br\/#\/schema\/logo\/image\/","url":"https:\/\/www.biomarin.com\/pt-br\/wp-content\/uploads\/sites\/4\/2022\/02\/at-a-glance-logo.jpeg?v=0.180","contentUrl":"https:\/\/www.biomarin.com\/pt-br\/wp-content\/uploads\/sites\/4\/2022\/02\/at-a-glance-logo.jpeg?v=0.180","width":800,"height":800,"caption":"BioMarin"},"image":{"@id":"https:\/\/www.biomarin.com\/pt-br\/#\/schema\/logo\/image\/"},"sameAs":["https:\/\/www.facebook.com\/BioMarinOfficial\/","https:\/\/www.linkedin.com\/company\/biomarin\/","https:\/\/www.youtube.com\/channel\/UCsJU_aj8_xNFso8ZkfShRJQ\/featured"]}]}},"_links":{"self":[{"href":"https:\/\/www.biomarin.com\/pt-br\/wp-json\/wp\/v2\/pages\/322","targetHints":{"allow":["GET"]}}],"collection":[{"href":"https:\/\/www.biomarin.com\/pt-br\/wp-json\/wp\/v2\/pages"}],"about":[{"href":"https:\/\/www.biomarin.com\/pt-br\/wp-json\/wp\/v2\/types\/page"}],"author":[{"embeddable":true,"href":"https:\/\/www.biomarin.com\/pt-br\/wp-json\/wp\/v2\/users\/9"}],"replies":[{"embeddable":true,"href":"https:\/\/www.biomarin.com\/pt-br\/wp-json\/wp\/v2\/comments?post=322"}],"version-history":[{"count":10,"href":"https:\/\/www.biomarin.com\/pt-br\/wp-json\/wp\/v2\/pages\/322\/revisions"}],"predecessor-version":[{"id":3595,"href":"https:\/\/www.biomarin.com\/pt-br\/wp-json\/wp\/v2\/pages\/322\/revisions\/3595"}],"wp:attachment":[{"href":"https:\/\/www.biomarin.com\/pt-br\/wp-json\/wp\/v2\/media?parent=322"}],"curies":[{"name":"wp","href":"https:\/\/api.w.org\/{rel}","templated":true}]}}