{"id":335,"date":"2022-01-24T14:48:30","date_gmt":"2022-01-24T14:48:30","guid":{"rendered":"https:\/\/countrylanding-dev-001.azurewebsites.net\/au\/?page_id=335"},"modified":"2023-08-10T19:52:03","modified_gmt":"2023-08-10T19:52:03","slug":"subsidios-e-doacoes","status":"publish","type":"page","link":"https:\/\/www.biomarin.com\/pt-br\/subsidios-e-doacoes\/","title":{"rendered":"Subs\u00eddios e Doa\u00e7\u00f5es"},"content":{"rendered":"<div id=\"acf-block-64221195f24dc\" class=\"hero\">\n            <div class=\"hero-background-image hero-background-image-desktop\" style=\"background-image: url(https:\/\/www.biomarin.com\/pt-br\/wp-content\/uploads\/sites\/4\/2022\/03\/Grants-donations-edited.jpg?v=0.371);\"><\/div>\n\t    <div class=\"hero-background-image hero-background-image-mobile\" style=\"background-image: url(https:\/\/www.biomarin.com\/pt-br\/wp-content\/uploads\/sites\/4\/2023\/08\/mob-grad-H.jpg?v=0.371);\"><\/div>\n    \t<div class=\"overlay\"><\/div>\n\t<div class=\"wrapper\">\n\t\t<div class=\"inner-wrapper\">\n\t\t\t<div class=\"hero-content\">\n\t\t\t    \t\t\t\t    <span class=\"section-title\">Suporte \u00e0 comunidade<\/span>\n\t\t\t\t\t\t\t\t\t\t\t\t\t\t\t\t    <h1>O tratamento \u00e9 apenas o in\u00edcio\n<\/h1>\n\t\t\t\t\t\t\t\t\t\t\t\t\n                <p class=\"inline-buttons\">\n                                                        <\/p>\n\t\t\t\t\t\t\t<\/div>\n\t\t<\/div>\n\t<\/div>\n<\/div>\n\n\n<div id=\"acf-block-642213435eee3\" class=\"block split-content equal-bias content-align-top bottom-border\" data-muted-autoplay=\"false\">\n\t<div class=\"wrapper\">\n\t\t<div class=\"inner-wrapper\">\n\t\t                                                                <div class=\"content-block first-block\">\n                                                                                                <h2>Associa\u00e7\u00f5es de Pacientes<\/h2>\n<p>Nosso compromisso \u00e9 impactar positivamente a vida da pessoas com doen\u00e7as raras, n\u00e3o apenas por meio de medicamentos inovadores, mas tamb\u00e9m unindo for\u00e7as com as associa\u00e7\u00f5es que apoiam as comunidades que buscamos tratar. Abaixo, voc\u00ea encontra uma lista de associa\u00e7\u00f5es de pacientes e organiza\u00e7\u00f5es sem fins lucrativos no Brasil, as quais fornecem educa\u00e7\u00e3o, recursos e servi\u00e7os de suporte para acompanhar os pacientes em sua jornada na conviv\u00eancia com as doen\u00e7as raras.<\/p>\n                                                                                                                                                                                                                                                                                                                                                                                                                                                                        <p><a class=\"button button-arrow\" href=\"https:\/\/www.biomarin.com\/pt-br\/associacoes-de-pacientes\/\" target=\"_self\">Associa\u00e7\u00f5es de Pacientes em Doen\u00e7as Gen\u00e9ticas Raras<\/a><\/p>\n                                                                                                                        <\/div>\n                    \n                                                \t\t<\/div>\n\t<\/div>\n<\/div>\n\n<div id=\"acf-block-642213435eef3\" class=\"block split-content equal-bias content-align-top\" data-muted-autoplay=\"false\">\n\t<div class=\"wrapper\">\n\t\t<div class=\"inner-wrapper\">\n\t\t                                        \n                                            <div class=\"content-block second-block\">\n                                                                                                <h2>Patroc\u00ednios e Doa\u00e7\u00f5es<\/h2>\n<p>A BioMarin fornece suporte financeiro para auxiliar as comunidades para as quais buscamos tratamento. Fazemos isto porque pensamos de forma diferente. Para a BioMarin, apoiar o bem-estar dos pacientes e cuidadores \u00e9 essencial para ajudar os pacientes no controle da doen\u00e7a. As organiza\u00e7\u00f5es de pacientes, pesquisadores e profissionais da sa\u00fade podem solicitar subs\u00eddio para v\u00e1rios tipos de iniciativas que apoiam pacientes, a comunidade m\u00e9dica ou cient\u00edfica ou para prop\u00f3sitos beneficentes.<\/p>\n                                                                                    <\/div>\n                                                \t\t<\/div>\n\t<\/div>\n<\/div>\n\n<div id=\"acf-block-642213435effd\" class=\"block split-content equal-bias bottom-border\" data-muted-autoplay=\"false\">\n\t<div class=\"wrapper\">\n\t\t<div class=\"inner-wrapper\">\n\t\t                                                                <div class=\"content-block first-block\">\n                                                                                                                                                                                                                                                                                    \n                                    \n                                                                                                                \n                                    \n                                    <figure>\n                                        <div class=\"image image-rounded\">\n                                                                                            <img decoding=\"async\" class=\"\" src=\"https:\/\/www.biomarin.com\/pt-br\/wp-content\/uploads\/sites\/4\/2022\/02\/our-science-og-e1647876297222.jpeg?v=0.371\" alt=\"Image of a scientist using a microscope\" \/>                                                                                    <\/div>\n                                                                            <\/figure>\n                                                                                    <\/div>\n                    \n                                            <div class=\"content-block second-block\">\n                                                                                                <p>Entre em contato com a BioMarin caso tenha interesse em submeter um projeto \u00e0 avalia\u00e7\u00e3o. <\/p>\n                                                                                                                                                                                                                                                                                                                                                                                                                                                                        <p><a class=\"button button-arrow\" href=\"https:\/\/www.biomarin.com\/pt-br\/sobre-a-biomarin-brasil\/#BioMarin-em-Resumo\" target=\"_self\">Contate-nos<\/a><\/p>\n                                                                                                                        <\/div>\n                                                \t\t<\/div>\n\t<\/div>\n<\/div>","protected":false},"excerpt":{"rendered":"<p>Suporte al\u00e9m das terapias &#8211; A BioMarin fornece suporte financeiro para auxiliar as comunidades para as quais buscamos tratamento. Fazemos isto porque pensamos de forma diferente. Para a BioMarin, apoiar o bem-estar dos pacientes e cuidadores \u00e9 essencial para ajudar os pacientes no controle da doen\u00e7a. As organiza\u00e7\u00f5es de pacientes, pesquisadores e profissionais da sa\u00fade podem solicitar subs\u00eddio para v\u00e1rios tipos de iniciativas que apoiam pacientes, a comunidade m\u00e9dica ou cient\u00edfica ou para prop\u00f3sitos beneficentes.<\/p>\n","protected":false},"author":9,"featured_media":0,"parent":0,"menu_order":0,"comment_status":"closed","ping_status":"closed","template":"","meta":{"_acf_changed":false,"inline_featured_image":false,"footnotes":""},"class_list":["post-335","page","type-page","status-publish","hentry"],"acf":[],"yoast_head":"<!-- This site is optimized with the Yoast SEO plugin v27.1.1 - https:\/\/yoast.com\/product\/yoast-seo-wordpress\/ -->\n<title>Patroc\u00ednios e Doa\u00e7\u00f5es para Doen\u00e7as Gen\u00e9ticas Raras<\/title>\n<meta name=\"description\" content=\"Suporte al\u00e9m das terapias - A BioMarin fornece suporte financeiro para auxiliar as comunidades para as quais buscamos tratamento. Fazemos isto porque pensamos de forma diferente. Para a BioMarin, apoiar o bem-estar dos pacientes e cuidadores \u00e9 essencial para ajudar os pacientes no controle da doen\u00e7a. As organiza\u00e7\u00f5es de pacientes, pesquisadores e profissionais da sa\u00fade podem solicitar subs\u00eddio para v\u00e1rios tipos de iniciativas que apoiam pacientes, a comunidade m\u00e9dica ou cient\u00edfica ou para prop\u00f3sitos beneficentes.\" \/>\n<meta name=\"robots\" content=\"index, follow, max-snippet:-1, max-image-preview:large, max-video-preview:-1\" \/>\n<link rel=\"canonical\" href=\"https:\/\/www.biomarin.com\/pt-br\/subsidios-e-doacoes\/\" \/>\n<meta property=\"og:locale\" content=\"pt_BR\" \/>\n<meta property=\"og:type\" content=\"article\" \/>\n<meta property=\"og:title\" content=\"Patroc\u00ednios e Doa\u00e7\u00f5es para Doen\u00e7as Gen\u00e9ticas Raras\" \/>\n<meta property=\"og:description\" content=\"Suporte al\u00e9m das terapias - A BioMarin fornece suporte financeiro para auxiliar as comunidades para as quais buscamos tratamento. Fazemos isto porque pensamos de forma diferente. Para a BioMarin, apoiar o bem-estar dos pacientes e cuidadores \u00e9 essencial para ajudar os pacientes no controle da doen\u00e7a. As organiza\u00e7\u00f5es de pacientes, pesquisadores e profissionais da sa\u00fade podem solicitar subs\u00eddio para v\u00e1rios tipos de iniciativas que apoiam pacientes, a comunidade m\u00e9dica ou cient\u00edfica ou para prop\u00f3sitos beneficentes.\" \/>\n<meta property=\"og:url\" content=\"https:\/\/www.biomarin.com\/pt-br\/subsidios-e-doacoes\/\" \/>\n<meta property=\"og:site_name\" content=\"BioMarin Brasil\" \/>\n<meta property=\"article:publisher\" content=\"https:\/\/www.facebook.com\/BioMarinOfficial\/\" \/>\n<meta property=\"article:modified_time\" content=\"2023-08-10T19:52:03+00:00\" \/>\n<meta property=\"og:image\" content=\"https:\/\/www.biomarin.com\/pt-br\/wp-content\/uploads\/sites\/4\/2022\/02\/at-a-glance-logo.jpeg?v=0.371\" \/>\n\t<meta property=\"og:image:width\" content=\"800\" \/>\n\t<meta property=\"og:image:height\" content=\"800\" \/>\n\t<meta property=\"og:image:type\" content=\"image\/jpeg\" \/>\n<meta name=\"twitter:card\" content=\"summary_large_image\" \/>\n<script type=\"application\/ld+json\" class=\"yoast-schema-graph\">{\"@context\":\"https:\/\/schema.org\",\"@graph\":[{\"@type\":\"WebPage\",\"@id\":\"https:\/\/www.biomarin.com\/pt-br\/subsidios-e-doacoes\/\",\"url\":\"https:\/\/www.biomarin.com\/pt-br\/subsidios-e-doacoes\/\",\"name\":\"Patroc\u00ednios e Doa\u00e7\u00f5es para Doen\u00e7as Gen\u00e9ticas Raras\",\"isPartOf\":{\"@id\":\"https:\/\/www.biomarin.com\/pt-br\/#website\"},\"datePublished\":\"2022-01-24T14:48:30+00:00\",\"dateModified\":\"2023-08-10T19:52:03+00:00\",\"description\":\"Suporte al\u00e9m das terapias - A BioMarin fornece suporte financeiro para auxiliar as comunidades para as quais buscamos tratamento. Fazemos isto porque pensamos de forma diferente. Para a BioMarin, apoiar o bem-estar dos pacientes e cuidadores \u00e9 essencial para ajudar os pacientes no controle da doen\u00e7a. As organiza\u00e7\u00f5es de pacientes, pesquisadores e profissionais da sa\u00fade podem solicitar subs\u00eddio para v\u00e1rios tipos de iniciativas que apoiam pacientes, a comunidade m\u00e9dica ou cient\u00edfica ou para prop\u00f3sitos beneficentes.\",\"breadcrumb\":{\"@id\":\"https:\/\/www.biomarin.com\/pt-br\/subsidios-e-doacoes\/#breadcrumb\"},\"inLanguage\":\"pt-BR\",\"potentialAction\":[{\"@type\":\"ReadAction\",\"target\":[\"https:\/\/www.biomarin.com\/pt-br\/subsidios-e-doacoes\/\"]}]},{\"@type\":\"BreadcrumbList\",\"@id\":\"https:\/\/www.biomarin.com\/pt-br\/subsidios-e-doacoes\/#breadcrumb\",\"itemListElement\":[{\"@type\":\"ListItem\",\"position\":1,\"name\":\"Home\",\"item\":\"https:\/\/www.biomarin.com\/pt-br\/\"},{\"@type\":\"ListItem\",\"position\":2,\"name\":\"Subs\u00eddios e Doa\u00e7\u00f5es\"}]},{\"@type\":\"WebSite\",\"@id\":\"https:\/\/www.biomarin.com\/pt-br\/#website\",\"url\":\"https:\/\/www.biomarin.com\/pt-br\/\",\"name\":\"BioMarin Brasil\",\"description\":\"\",\"publisher\":{\"@id\":\"https:\/\/www.biomarin.com\/pt-br\/#organization\"},\"potentialAction\":[{\"@type\":\"SearchAction\",\"target\":{\"@type\":\"EntryPoint\",\"urlTemplate\":\"https:\/\/www.biomarin.com\/pt-br\/?s={search_term_string}\"},\"query-input\":{\"@type\":\"PropertyValueSpecification\",\"valueRequired\":true,\"valueName\":\"search_term_string\"}}],\"inLanguage\":\"pt-BR\"},{\"@type\":\"Organization\",\"@id\":\"https:\/\/www.biomarin.com\/pt-br\/#organization\",\"name\":\"BioMarin\",\"url\":\"https:\/\/www.biomarin.com\/pt-br\/\",\"logo\":{\"@type\":\"ImageObject\",\"inLanguage\":\"pt-BR\",\"@id\":\"https:\/\/www.biomarin.com\/pt-br\/#\/schema\/logo\/image\/\",\"url\":\"https:\/\/www.biomarin.com\/pt-br\/wp-content\/uploads\/sites\/4\/2022\/02\/at-a-glance-logo.jpeg?v=0.180\",\"contentUrl\":\"https:\/\/www.biomarin.com\/pt-br\/wp-content\/uploads\/sites\/4\/2022\/02\/at-a-glance-logo.jpeg?v=0.180\",\"width\":800,\"height\":800,\"caption\":\"BioMarin\"},\"image\":{\"@id\":\"https:\/\/www.biomarin.com\/pt-br\/#\/schema\/logo\/image\/\"},\"sameAs\":[\"https:\/\/www.facebook.com\/BioMarinOfficial\/\",\"https:\/\/www.linkedin.com\/company\/biomarin\/\",\"https:\/\/www.youtube.com\/channel\/UCsJU_aj8_xNFso8ZkfShRJQ\/featured\"]}]}<\/script>\n<!-- \/ Yoast SEO plugin. -->","yoast_head_json":{"title":"Patroc\u00ednios e Doa\u00e7\u00f5es para Doen\u00e7as Gen\u00e9ticas Raras","description":"Suporte al\u00e9m das terapias - A BioMarin fornece suporte financeiro para auxiliar as comunidades para as quais buscamos tratamento. Fazemos isto porque pensamos de forma diferente. Para a BioMarin, apoiar o bem-estar dos pacientes e cuidadores \u00e9 essencial para ajudar os pacientes no controle da doen\u00e7a. As organiza\u00e7\u00f5es de pacientes, pesquisadores e profissionais da sa\u00fade podem solicitar subs\u00eddio para v\u00e1rios tipos de iniciativas que apoiam pacientes, a comunidade m\u00e9dica ou cient\u00edfica ou para prop\u00f3sitos beneficentes.","robots":{"index":"index","follow":"follow","max-snippet":"max-snippet:-1","max-image-preview":"max-image-preview:large","max-video-preview":"max-video-preview:-1"},"canonical":"https:\/\/www.biomarin.com\/pt-br\/subsidios-e-doacoes\/","og_locale":"pt_BR","og_type":"article","og_title":"Patroc\u00ednios e Doa\u00e7\u00f5es para Doen\u00e7as Gen\u00e9ticas Raras","og_description":"Suporte al\u00e9m das terapias - A BioMarin fornece suporte financeiro para auxiliar as comunidades para as quais buscamos tratamento. Fazemos isto porque pensamos de forma diferente. Para a BioMarin, apoiar o bem-estar dos pacientes e cuidadores \u00e9 essencial para ajudar os pacientes no controle da doen\u00e7a. As organiza\u00e7\u00f5es de pacientes, pesquisadores e profissionais da sa\u00fade podem solicitar subs\u00eddio para v\u00e1rios tipos de iniciativas que apoiam pacientes, a comunidade m\u00e9dica ou cient\u00edfica ou para prop\u00f3sitos beneficentes.","og_url":"https:\/\/www.biomarin.com\/pt-br\/subsidios-e-doacoes\/","og_site_name":"BioMarin Brasil","article_publisher":"https:\/\/www.facebook.com\/BioMarinOfficial\/","article_modified_time":"2023-08-10T19:52:03+00:00","og_image":[{"width":800,"height":800,"url":"https:\/\/www.biomarin.com\/pt-br\/wp-content\/uploads\/sites\/4\/2022\/02\/at-a-glance-logo.jpeg?v=0.371","type":"image\/jpeg"}],"twitter_card":"summary_large_image","schema":{"@context":"https:\/\/schema.org","@graph":[{"@type":"WebPage","@id":"https:\/\/www.biomarin.com\/pt-br\/subsidios-e-doacoes\/","url":"https:\/\/www.biomarin.com\/pt-br\/subsidios-e-doacoes\/","name":"Patroc\u00ednios e Doa\u00e7\u00f5es para Doen\u00e7as Gen\u00e9ticas Raras","isPartOf":{"@id":"https:\/\/www.biomarin.com\/pt-br\/#website"},"datePublished":"2022-01-24T14:48:30+00:00","dateModified":"2023-08-10T19:52:03+00:00","description":"Suporte al\u00e9m das terapias - A BioMarin fornece suporte financeiro para auxiliar as comunidades para as quais buscamos tratamento. Fazemos isto porque pensamos de forma diferente. Para a BioMarin, apoiar o bem-estar dos pacientes e cuidadores \u00e9 essencial para ajudar os pacientes no controle da doen\u00e7a. As organiza\u00e7\u00f5es de pacientes, pesquisadores e profissionais da sa\u00fade podem solicitar subs\u00eddio para v\u00e1rios tipos de iniciativas que apoiam pacientes, a comunidade m\u00e9dica ou cient\u00edfica ou para prop\u00f3sitos beneficentes.","breadcrumb":{"@id":"https:\/\/www.biomarin.com\/pt-br\/subsidios-e-doacoes\/#breadcrumb"},"inLanguage":"pt-BR","potentialAction":[{"@type":"ReadAction","target":["https:\/\/www.biomarin.com\/pt-br\/subsidios-e-doacoes\/"]}]},{"@type":"BreadcrumbList","@id":"https:\/\/www.biomarin.com\/pt-br\/subsidios-e-doacoes\/#breadcrumb","itemListElement":[{"@type":"ListItem","position":1,"name":"Home","item":"https:\/\/www.biomarin.com\/pt-br\/"},{"@type":"ListItem","position":2,"name":"Subs\u00eddios e Doa\u00e7\u00f5es"}]},{"@type":"WebSite","@id":"https:\/\/www.biomarin.com\/pt-br\/#website","url":"https:\/\/www.biomarin.com\/pt-br\/","name":"BioMarin Brasil","description":"","publisher":{"@id":"https:\/\/www.biomarin.com\/pt-br\/#organization"},"potentialAction":[{"@type":"SearchAction","target":{"@type":"EntryPoint","urlTemplate":"https:\/\/www.biomarin.com\/pt-br\/?s={search_term_string}"},"query-input":{"@type":"PropertyValueSpecification","valueRequired":true,"valueName":"search_term_string"}}],"inLanguage":"pt-BR"},{"@type":"Organization","@id":"https:\/\/www.biomarin.com\/pt-br\/#organization","name":"BioMarin","url":"https:\/\/www.biomarin.com\/pt-br\/","logo":{"@type":"ImageObject","inLanguage":"pt-BR","@id":"https:\/\/www.biomarin.com\/pt-br\/#\/schema\/logo\/image\/","url":"https:\/\/www.biomarin.com\/pt-br\/wp-content\/uploads\/sites\/4\/2022\/02\/at-a-glance-logo.jpeg?v=0.180","contentUrl":"https:\/\/www.biomarin.com\/pt-br\/wp-content\/uploads\/sites\/4\/2022\/02\/at-a-glance-logo.jpeg?v=0.180","width":800,"height":800,"caption":"BioMarin"},"image":{"@id":"https:\/\/www.biomarin.com\/pt-br\/#\/schema\/logo\/image\/"},"sameAs":["https:\/\/www.facebook.com\/BioMarinOfficial\/","https:\/\/www.linkedin.com\/company\/biomarin\/","https:\/\/www.youtube.com\/channel\/UCsJU_aj8_xNFso8ZkfShRJQ\/featured"]}]}},"_links":{"self":[{"href":"https:\/\/www.biomarin.com\/pt-br\/wp-json\/wp\/v2\/pages\/335","targetHints":{"allow":["GET"]}}],"collection":[{"href":"https:\/\/www.biomarin.com\/pt-br\/wp-json\/wp\/v2\/pages"}],"about":[{"href":"https:\/\/www.biomarin.com\/pt-br\/wp-json\/wp\/v2\/types\/page"}],"author":[{"embeddable":true,"href":"https:\/\/www.biomarin.com\/pt-br\/wp-json\/wp\/v2\/users\/9"}],"replies":[{"embeddable":true,"href":"https:\/\/www.biomarin.com\/pt-br\/wp-json\/wp\/v2\/comments?post=335"}],"version-history":[{"count":4,"href":"https:\/\/www.biomarin.com\/pt-br\/wp-json\/wp\/v2\/pages\/335\/revisions"}],"predecessor-version":[{"id":3593,"href":"https:\/\/www.biomarin.com\/pt-br\/wp-json\/wp\/v2\/pages\/335\/revisions\/3593"}],"wp:attachment":[{"href":"https:\/\/www.biomarin.com\/pt-br\/wp-json\/wp\/v2\/media?parent=335"}],"curies":[{"name":"wp","href":"https:\/\/api.w.org\/{rel}","templated":true}]}}